{"id":370,"date":"2021-05-26T13:42:05","date_gmt":"2021-05-26T13:42:05","guid":{"rendered":"http:\/\/www.voea.at\/?page_id=370"},"modified":"2022-10-17T09:57:44","modified_gmt":"2022-10-17T09:57:44","slug":"impressum","status":"publish","type":"page","link":"https:\/\/www.voea.at\/index.php\/impressum\/","title":{"rendered":"Impressum"},"content":{"rendered":"\n<h1 class=\"wp-block-heading\">Impressum<\/h1>\n\n\n\n<div style=\"height:30px\" aria-hidden=\"true\" class=\"wp-block-spacer\"><\/div>\n\n\n\n<p>Der V\u00d6A, dessen T\u00e4tigkeit nicht auf Gewinn gerichtet ist, ist eine Berufsorganisation, deren Ziel es ist, das \u00f6sterreichische Archivwesen und seine wissenschaftlichen Belange zu f\u00f6rdern und die Interessen seiner Mitglieder im In- und Ausland zu vertreten.<\/p>\n\n\n\n<div style=\"height:30px\" aria-hidden=\"true\" class=\"wp-block-spacer\"><\/div>\n\n\n\n<p><strong>Herausgeber<\/strong><br>Verband \u00d6sterreichischer Archivarinnen und Archivare (V\u00d6A) <br>p. A. Wiener Stadt- und Landesarchiv <br>Guglgasse 14, Gasometer D <br>1110 Wien <br><a href=\"mailto:sekretariat@voea.at\">sekretariat@voea.at<\/a><\/p>\n\n\n\n<p><strong>Redaktion und Webmaster:<\/strong><br><a href=\"website@voea.at\">website@voea.at<\/a><\/p>\n\n\n\n<p><\/p>\n\n\n\n<p><strong>Konzept und Design:<\/strong><br>BauKast.digital  <\/p>\n\n\n\n<p><a href=\"kontakt@baukast.digital\">E-Mail<\/a><\/p>\n\n\n\n<div style=\"height:30px\" aria-hidden=\"true\" class=\"wp-block-spacer\"><\/div>\n\n\n\n<p><strong>Haftungsausschluss<\/strong><\/p>\n\n\n\n<p>Der Verband \u00d6sterreichischer Archivarinnen und Archivare ist bestrebt, die hier angebotenen Informationen nach bestem Wissen und Gewissen vollst\u00e4ndig und richtig darzustellen und aktuell zu halten. Dennoch kann er keinerlei Haftung f\u00fcr Sch\u00e4den \u00fcbernehmen, die sich aus der Nutzung der angebotenen Informationen ergeben k\u00f6nnen \u2013 auch wenn diese auf die Nutzung von allenfalls unvollst\u00e4ndigen bzw. fehlerhaften Informationen zur\u00fcckzuf\u00fchren sind. Verweise auf fremde Webseiten liegen au\u00dferhalb des Verantwortungsbereiches des Autors. Eine Haftung f\u00fcr Inhalte von verlinkten Seiten ist ausgeschlossen, zumal der Verband keinen Einfluss auf deren Gestaltung hat. F\u00fcr Inhalte von Seiten auf die auf dieser Homepage verwiesen wird, haftet somit allein der Anbieter dieser fremden Webseiten \u2013 niemals jedoch derjenige, der durch einen Link auf fremde Publikationen und Inhalte verweist. Sollten gelinkte Seiten (insbesondere durch Ver\u00e4nderung der Inhalte nach dem Setzen des Links) illegale, fehlerhafte, unvollst\u00e4ndige, beleidigende oder sittenwidrige Informationen beinhalten und wird der Verband auf derartige Inhalte von gelinkten Seiten aufmerksam (gemacht), so wird er den Verweis auf derartige Seiten unverz\u00fcglich unterbinden.<\/p>\n\n\n\n<p><strong>Urheberrecht<\/strong><\/p>\n\n\n\n<p>Der Inhalt der vom V\u00d6A selbst erstellten Inhalte dieser Seiten ist urheberrechtlich gesch\u00fctzt. Jede den Bestimmungen des Urheberrechtsgesetzes widersprechende Verwendung jeglicher Inhalte dieser Webseiten \u2013 insbesondere die weitergehende Nutzung wie beispielsweise die Ver\u00f6ffentlichung, Vervielf\u00e4ltigung und jede Form von gewerblicher Nutzung sowie die Weitergabe an Dritte \u2013 auch in Teilen oder in \u00fcberarbeiteter Form \u2013 ohne ausdr\u00fcckliche Zustimmung des Verbandes ist untersagt. Davon ausgenommen sind ausdr\u00fccklich zum Download gekennzeichnete Dateien.<\/p>\n\n\n\n<p><strong>Informationsgehalt<\/strong><\/p>\n\n\n\n<p>Die Informationen dieser Webseiten k\u00f6nnen ohne vorherige Ank\u00fcndigung jederzeit ge\u00e4ndert, entfernt oder erg\u00e4nzt werden. Der Verband kann daher keine Garantie f\u00fcr die Korrektheit, Vollst\u00e4ndigkeit oder Qualit\u00e4t und letzte Aktualit\u00e4t der bereitgestellten Informationen geben.<\/p>\n\n\n\n<p><strong>Rechtswirksamkeit<\/strong><\/p>\n\n\n\n<p>Durch Nutzung dieser Webseiten unterliegt der Nutzer den gegenst\u00e4ndlichen Ben\u00fctzungsbedingungen. Diese sind Teil des WWW-Angebotes. Sofern Teile oder einzelne Formulierungen der Ben\u00fctzungsbedingungen der geltenden Rechtslage nicht, nicht mehr oder nicht vollst\u00e4ndig entsprechen sollten, bleiben die \u00fcbrigen Teile der Ben\u00fctzungsbedingungen in ihrem Inhalt und ihrer G\u00fcltigkeit davon unber\u00fchrt.<\/p>\n","protected":false},"excerpt":{"rendered":"<p>Impressum Der V\u00d6A, dessen T\u00e4tigkeit nicht auf Gewinn gerichtet ist, ist eine Berufsorganisation, deren Ziel es ist, das \u00f6sterreichische Archivwesen und seine wissenschaftlichen Belange zu f\u00f6rdern und die Interessen seiner Mitglieder im In- und Ausland zu vertreten. HerausgeberVerband \u00d6sterreichischer Archivarinnen und Archivare (V\u00d6A) p. A. Wiener Stadt- und Landesarchiv Guglgasse 14, Gasometer D 1110 Wien [&hellip;]<\/p>\n","protected":false},"author":1,"featured_media":0,"parent":0,"menu_order":0,"comment_status":"closed","ping_status":"closed","template":"","meta":{"footnotes":""},"class_list":["post-370","page","type-page","status-publish","hentry"],"publishpress_future_action":{"enabled":false,"date":"2026-05-08 11:13:47","action":"change-status","newStatus":"draft","terms":[],"taxonomy":"","extraData":[]},"publishpress_future_workflow_manual_trigger":{"enabledWorkflows":[]},"_links":{"self":[{"href":"https:\/\/www.voea.at\/index.php\/wp-json\/wp\/v2\/pages\/370","targetHints":{"allow":["GET"]}}],"collection":[{"href":"https:\/\/www.voea.at\/index.php\/wp-json\/wp\/v2\/pages"}],"about":[{"href":"https:\/\/www.voea.at\/index.php\/wp-json\/wp\/v2\/types\/page"}],"author":[{"embeddable":true,"href":"https:\/\/www.voea.at\/index.php\/wp-json\/wp\/v2\/users\/1"}],"replies":[{"embeddable":true,"href":"https:\/\/www.voea.at\/index.php\/wp-json\/wp\/v2\/comments?post=370"}],"version-history":[{"count":0,"href":"https:\/\/www.voea.at\/index.php\/wp-json\/wp\/v2\/pages\/370\/revisions"}],"wp:attachment":[{"href":"https:\/\/www.voea.at\/index.php\/wp-json\/wp\/v2\/media?parent=370"}],"curies":[{"name":"wp","href":"https:\/\/api.w.org\/{rel}","templated":true}]}}