{"id":3055,"date":"2023-06-11T11:13:11","date_gmt":"2023-06-11T11:13:11","guid":{"rendered":"https:\/\/www.voea.at\/?page_id=3055"},"modified":"2023-06-11T11:13:11","modified_gmt":"2023-06-11T11:13:11","slug":"stellenanzeigen","status":"publish","type":"page","link":"https:\/\/www.voea.at\/index.php\/stellenanzeigen\/","title":{"rendered":"Stellenanzeigen"},"content":{"rendered":"<style>.wp-show-posts-columns#wpsp-3059 {margin-left: -2em; }.wp-show-posts-columns#wpsp-3059 .wp-show-posts-inner {margin: 0 0 2em 2em; }<\/style><section id=\"wpsp-3059\" class=\" wp-show-posts\" style=\"\"><article class=\" wp-show-posts-single wpsp-clearfix post-4720 post type-post status-publish format-standard hentry category-stellenzeige\" itemtype=\"http:\/\/schema.org\/CreativeWork\" itemscope><div class=\"wp-show-posts-inner\" style=\"\">\t\t\t\t\t\t<header class=\"wp-show-posts-entry-header\">\n\t\t\t\t\t\t\t<h2 class=\"wp-show-posts-entry-title\" itemprop=\"headline\"><a href=\"https:\/\/www.voea.at\/index.php\/2026\/04\/09\/teamleiterin-staatsarchiv-des-kanton-zuerich\/\" rel=\"bookmark\">Teamleiter*in Staatsarchiv des Kanton Z\u00fcrich<\/a><\/h2>\t\t\t\t\t\t<\/header><!-- .entry-header -->\n\t\t\t\t\t\t\t\t\t\t\t<div class=\"wp-show-posts-entry-content\" itemprop=\"text\">\n\t\t\t\t\t\t\t\n<p>Die Abteilung Erschlie\u00dfung des Staatsarchivs des Kantons Z\u00fcrichs sucht ab 1. J\u00e4nner 2027 eine Teamleitung. N\u00e4here Informationen zu den Anforderungen erhalten Sie <a href=\"http:\/\/www.voea.at\/wp-content\/uploads\/2026\/04\/Teamleitung-90__Staatsarchiv-Kanton-Zuerich.pdf\" target=\"_blank\" rel=\"noreferrer noopener\">hier<\/a>. Die Anmeldefrist endet am 17. Mai 2026.<\/p>\n\n\n\n<p><\/p>\n\t\t\t\t\t\t<\/div><!-- .entry-content -->\n\t\t\t\t\t<\/div><!-- wp-show-posts-inner --><div class=\"wpsp-clear\"><\/div><\/article><\/section><!-- .wp-show-posts -->\n","protected":false},"excerpt":{"rendered":"","protected":false},"author":1,"featured_media":0,"parent":0,"menu_order":0,"comment_status":"closed","ping_status":"closed","template":"","meta":{"footnotes":""},"class_list":["post-3055","page","type-page","status-publish","hentry"],"publishpress_future_action":{"enabled":false,"date":"2026-04-30 15:27:39","action":"change-status","newStatus":"draft","terms":[],"taxonomy":"","extraData":[]},"publishpress_future_workflow_manual_trigger":{"enabledWorkflows":[]},"_links":{"self":[{"href":"https:\/\/www.voea.at\/index.php\/wp-json\/wp\/v2\/pages\/3055","targetHints":{"allow":["GET"]}}],"collection":[{"href":"https:\/\/www.voea.at\/index.php\/wp-json\/wp\/v2\/pages"}],"about":[{"href":"https:\/\/www.voea.at\/index.php\/wp-json\/wp\/v2\/types\/page"}],"author":[{"embeddable":true,"href":"https:\/\/www.voea.at\/index.php\/wp-json\/wp\/v2\/users\/1"}],"replies":[{"embeddable":true,"href":"https:\/\/www.voea.at\/index.php\/wp-json\/wp\/v2\/comments?post=3055"}],"version-history":[{"count":0,"href":"https:\/\/www.voea.at\/index.php\/wp-json\/wp\/v2\/pages\/3055\/revisions"}],"wp:attachment":[{"href":"https:\/\/www.voea.at\/index.php\/wp-json\/wp\/v2\/media?parent=3055"}],"curies":[{"name":"wp","href":"https:\/\/api.w.org\/{rel}","templated":true}]}}