{"id":2,"date":"2021-04-06T00:28:58","date_gmt":"2021-04-06T00:28:58","guid":{"rendered":"http:\/\/www.voea.at\/?page_id=2"},"modified":"2025-12-14T16:10:27","modified_gmt":"2025-12-14T16:10:27","slug":"sample-page","status":"publish","type":"page","link":"https:\/\/www.voea.at\/index.php\/sample-page\/","title":{"rendered":"Publikationen"},"content":{"rendered":"\n<h4 class=\"wp-block-heading\">Scrinium<\/h4>\n\n\n\n<p>Der V\u00d6A gibt seit 1969 die Fachzeitschrift \u201eScrinium\u201c heraus. Der Bezug der Zeitschrift ist f\u00fcr ordentliche wie au\u00dferordentliche Verbandsmitglieder gratis. Bis 1990 erschienen zwei separat gez\u00e4hlte Hefte pro Jahr, danach j\u00e4hrlich ein Heft, welches seit 2002 aufgrund des gr\u00f6\u00dferen Umfangs als Band gez\u00e4hlt wird. Seit 2017 erscheint das \u201eScrinium\u201c beim Verlag Anton Pustet in Salzburg. Anfragen zu j\u00fcngeren Jahrg\u00e4ngen richten Sie daher bitte direkt an den Verlag. \u00c4ltere Jahrg\u00e4nge (Restexemplare) k\u00f6nnen auch ohne Mitgliedschaft zu einem Preis in der H\u00f6he des jeweils g\u00fcltigen Mitgliedsbeitrages f\u00fcr au\u00dferordentliche Mitglieder \u00fcber das V\u00d6A-Sekretariat (<a href=\"mailto:sekretariat@voea.at\">E-Mail<\/a>) erworben werden.<\/p>\n\n\n\n<div style=\"height:30px\" aria-hidden=\"true\" class=\"wp-block-spacer\"><\/div>\n\n\n\n<p><span style=\"text-decoration: underline;\">Fr\u00fchere Redaktionsleitung<\/span>:<\/p>\n\n\n\n<ul class=\"wp-block-list\">\n<li>1969\u20131970: Franz Gall, Archiv der Universit\u00e4t Wien<\/li>\n\n\n\n<li>1970\u20132001: Rainer Egger, \u00d6sterreichisches Staatsarchiv<\/li>\n\n\n\n<li>2002\u20132016: Christine Tropper, K\u00e4rntner Landesarchiv<\/li>\n\n\n\n<li>2017-2024: Christine Gigler, Archiv der Erzdi\u00f6zese Salzburg<\/li>\n<\/ul>\n\n\n\n<div style=\"height:40px\" aria-hidden=\"true\" class=\"wp-block-spacer\"><\/div>\n\n\n\n<h4 class=\"wp-block-heading\">Umsetzungsempfehlungen des V\u00d6A<\/h4>\n\n\n\n<p>Der Vorstand des Verbandes \u00d6sterreichischer Archivarinnen und Archivare hat Arbeitsgruppen mit dem Ziel eingerichtet, Empfehlungen, Leitf\u00e4den und Handreichungen f\u00fcr die praktischen Anwendung von archivischen Fachthemen&nbsp;in \u00f6sterreichischen Archiven herauszugeben. Die vorliegenden Dokumente sind akkordierte Unterlagen, die als Orientierungshilfen gedacht sind. Die Empfehlungen werden laufend in den aktuellen Scrinium-B\u00e4nden publiziert.<\/p>\n\n\n\n<div class=\"wp-block-columns is-layout-flex wp-container-core-columns-is-layout-9d6595d7 wp-block-columns-is-layout-flex\"><\/div>\n\n\n\n<p><\/p>\n","protected":false},"excerpt":{"rendered":"<p>Scrinium Der V\u00d6A gibt seit 1969 die Fachzeitschrift \u201eScrinium\u201c heraus. Der Bezug der Zeitschrift ist f\u00fcr ordentliche wie au\u00dferordentliche Verbandsmitglieder gratis. Bis 1990 erschienen zwei separat gez\u00e4hlte Hefte pro Jahr, danach j\u00e4hrlich ein Heft, welches seit 2002 aufgrund des gr\u00f6\u00dferen Umfangs als Band gez\u00e4hlt wird. Seit 2017 erscheint das \u201eScrinium\u201c beim Verlag Anton Pustet in [&hellip;]<\/p>\n","protected":false},"author":1,"featured_media":0,"parent":0,"menu_order":0,"comment_status":"closed","ping_status":"open","template":"","meta":{"footnotes":""},"class_list":["post-2","page","type-page","status-publish","hentry"],"publishpress_future_action":{"enabled":false,"date":"2026-04-22 22:52:25","action":"change-status","newStatus":"draft","terms":[],"taxonomy":"","extraData":[]},"publishpress_future_workflow_manual_trigger":{"enabledWorkflows":[]},"_links":{"self":[{"href":"https:\/\/www.voea.at\/index.php\/wp-json\/wp\/v2\/pages\/2","targetHints":{"allow":["GET"]}}],"collection":[{"href":"https:\/\/www.voea.at\/index.php\/wp-json\/wp\/v2\/pages"}],"about":[{"href":"https:\/\/www.voea.at\/index.php\/wp-json\/wp\/v2\/types\/page"}],"author":[{"embeddable":true,"href":"https:\/\/www.voea.at\/index.php\/wp-json\/wp\/v2\/users\/1"}],"replies":[{"embeddable":true,"href":"https:\/\/www.voea.at\/index.php\/wp-json\/wp\/v2\/comments?post=2"}],"version-history":[{"count":0,"href":"https:\/\/www.voea.at\/index.php\/wp-json\/wp\/v2\/pages\/2\/revisions"}],"wp:attachment":[{"href":"https:\/\/www.voea.at\/index.php\/wp-json\/wp\/v2\/media?parent=2"}],"curies":[{"name":"wp","href":"https:\/\/api.w.org\/{rel}","templated":true}]}}