{"id":173,"date":"2021-05-21T10:53:59","date_gmt":"2021-05-21T10:53:59","guid":{"rendered":"http:\/\/www.voea.at\/?page_id=173"},"modified":"2023-06-06T09:30:42","modified_gmt":"2023-06-06T09:30:42","slug":"aktuelles","status":"publish","type":"page","link":"https:\/\/www.voea.at\/index.php\/aktuelles\/","title":{"rendered":"Alle Beitr\u00e4ge"},"content":{"rendered":"\n<p><\/p>\n\n\n\n<div class=\"wp-block-columns is-layout-flex wp-container-core-columns-is-layout-9d6595d7 wp-block-columns-is-layout-flex\">\n<div class=\"wp-block-column is-layout-flow wp-block-column-is-layout-flow\" style=\"flex-basis:100%\">\n<div class=\"wp-block-columns is-layout-flex wp-container-core-columns-is-layout-9d6595d7 wp-block-columns-is-layout-flex\">\n<div class=\"wp-block-column is-layout-flow wp-block-column-is-layout-flow\"><ul class=\"wp-block-latest-posts__list wp-block-latest-posts\"><li><a class=\"wp-block-latest-posts__post-title\" href=\"https:\/\/www.voea.at\/index.php\/2026\/04\/16\/lehrgang-archive-im-informationszeitalter\/\">Lehrgang Archive im Informationszeitalter<\/a><div class=\"wp-block-latest-posts__post-full-content\"><!-- wp:paragraph -->\n<p>Die Freie Universit\u00e4t Berlin bietet einen neuen Lehrgang &#8222;Archive im Informationszeitalter&#8220; an, der als praxisorientierte Weiterbildung f\u00fcr Mitarbeiter*innen in Archiven dient. Zentrale Inhalte widmen sich den  Herausforderungen der Archivarbeit im digitalen Wandel, der Bestandserhaltung, der Arbeit mit analogen und audiovisuellen Quellen, rechtlichen Grundlagen der Archivarbeit und Archivkommunikation. Die <a href=\"https:\/\/veranstaltung.weiterbildung.fu-berlin.de\/Veranstaltung\/cmx69369e0a9b627.html\" target=\"_blank\" rel=\"noreferrer noopener\">Anmeldung <\/a>ist ab sofort m\u00f6glich. Informationen zum Lehrgang finden Sie in der <a href=\"https:\/\/www.fu-berlin.de\/sites\/weiterbildung\/weiterbildungsprogramm\/pdf\/bib\/Archive-JP26-neu.pdf\" target=\"_blank\" rel=\"noreferrer noopener\">Programmbrosch\u00fcre<\/a>.<\/p>\n<!-- \/wp:paragraph -->\n\n<!-- wp:paragraph -->\n<p><\/p>\n<!-- \/wp:paragraph --><\/div><\/li>\n<li><a class=\"wp-block-latest-posts__post-title\" href=\"https:\/\/www.voea.at\/index.php\/2026\/04\/16\/call-for-nominations-memory-of-austria\/\">Call for Nominations Memory of Austria<\/a><div class=\"wp-block-latest-posts__post-full-content\"><!-- wp:paragraph -->\n<p>Das \u00d6sterreichische Nationalkomitee Memory of the World ruft zum n\u00e4chsten Call f\u00fcr \u201eMemory of Austria\u201c 2026 \u2013 das \u00f6sterreichische Dokumentenerberegister auf. Hier werden bedeutende Dokumente, Best\u00e4nde und Sammlungen der \u00f6sterreichischen Geschichte nominiert. Details zur Nominierung, zu den Nominierungskriterien sowie das Nominierungsformular finden sich auf der <a href=\"https:\/\/www.unesco.at\/kommunikation\/dokumentenerbe\/artikel\/article\/call-for-nominations-memory-of-austria-2026\" target=\"_blank\" rel=\"noreferrer noopener\">Website<\/a>. Die Nominierungsfrist endet am 30. Juni 2026.<\/p>\n<!-- \/wp:paragraph -->\n\n<!-- wp:paragraph -->\n<p><\/p>\n<!-- \/wp:paragraph --><\/div><\/li>\n<li><a class=\"wp-block-latest-posts__post-title\" href=\"https:\/\/www.voea.at\/index.php\/2026\/04\/12\/cfp-56-konferenz-der-kroatischen-archivarinnen\/\">CfP Konferenz der kroatischen Archivar*innen<\/a><div class=\"wp-block-latest-posts__post-full-content\"><!-- wp:paragraph -->\n<p>Die kroatische Archivgesellschaft ruft zum Call for Papers f\u00fcr die 56. Konferenz der kroatischen Archivar*innen auf, gemeinsam mit dem Staatsarchiv Dubrovnik vom 20. bis 23. Oktober 2026. Die Konferenz steht unter dem Motto: Records Management &#8211; Between Analogue and Digital: Continuity of Practices, New Infrastructure and Uses. Insbesondere Session 4 widmet sich globalen und lokalen Initiativen und internationalen Kooperationen von europ\u00e4ischen Archiven. N\u00e4here Informationen zum <a href=\"http:\/\/www.voea.at\/wp-content\/uploads\/2026\/04\/invitation_letter.pdf\" target=\"_blank\" rel=\"noreferrer noopener\">CfP <\/a>erhalten Sie <a href=\"https:\/\/www.had-info.hr\/arhivistika-u-hrvatskoj\/419-56-savjetovanje-hrvatskih-arhivista-poziv-za-prijave-izlaganja\" target=\"_blank\" rel=\"noreferrer noopener\">hier<\/a> und <a href=\"http:\/\/www.voea.at\/wp-content\/uploads\/2026\/04\/contributor_guidelines.pdf\" target=\"_blank\" rel=\"noreferrer noopener\">hier<\/a>.<\/p>\n<!-- \/wp:paragraph -->\n\n<!-- wp:paragraph -->\n<p><\/p>\n<!-- \/wp:paragraph --><\/div><\/li>\n<li><a class=\"wp-block-latest-posts__post-title\" href=\"https:\/\/www.voea.at\/index.php\/2026\/03\/19\/plakatvorlage-internationaler-tag-der-archive\/\">Plakatvorlage Internationaler Tag der Archive<\/a><div class=\"wp-block-latest-posts__post-full-content\"><!-- wp:paragraph -->\n<p>Auch heuer bietet der V\u00d6A wieder eine Plakatvorlage f\u00fcr den &#8222;Tag der Archive&#8220; am 9. Juni an, an dem alle \u00f6sterreichischen Archivinstitutionen herzlich eingeladen sind, Aktivit\u00e4ten zu starten. N\u00e4here Infos dazu auf der Unterseite <a href=\"https:\/\/www.voea.at\/index.php\/tag-der-archive-2026\/\" target=\"_blank\" rel=\"noreferrer noopener\">Tag der Archive 2026<\/a>.<\/p>\n<!-- \/wp:paragraph -->\n\n<!-- wp:paragraph -->\n<p><\/p>\n<!-- \/wp:paragraph -->\n\n<!-- wp:paragraph -->\n<p><\/p>\n<!-- \/wp:paragraph --><\/div><\/li>\n<li><a class=\"wp-block-latest-posts__post-title\" href=\"https:\/\/www.voea.at\/index.php\/2026\/02\/27\/anmeldung-grundkurs\/\">Anmeldung Grundkurs offen<\/a><div class=\"wp-block-latest-posts__post-full-content\"><!-- wp:paragraph -->\n<p>Die Anmeldung f\u00fcr den Grundkurs des V\u00d6A (21.-25.9.2026) ist ab sofort ge\u00f6ffnet. Die Anmeldung erfolgt ausschlie\u00dflich \u00fcber das dazugeh\u00f6rige Formular auf der Unterseite <a href=\"https:\/\/www.voea.at\/index.php\/grundkurs-fuer-archivarinnen-und-archivare-2026\/\" target=\"_blank\" rel=\"noreferrer noopener\">Grundkurs 2026<\/a>.<\/p>\n<!-- \/wp:paragraph --><\/div><\/li>\n<li><a class=\"wp-block-latest-posts__post-title\" href=\"https:\/\/www.voea.at\/index.php\/2026\/02\/26\/nachlese-studientag\/\">Nachlese Studientag<\/a><div class=\"wp-block-latest-posts__post-full-content\"><!-- wp:paragraph -->\n<p>Ab sofort finden Sie im Reiter <a href=\"https:\/\/www.voea.at\/index.php\/fachgruppen\/\" target=\"_blank\" rel=\"noreferrer noopener\">Fachgruppen<\/a> auf der Website des V\u00d6A die Nachlese \u00fcber den Studientag der Fachgruppe der Archive der anerkannten Kirchen und Religionsgemeinschaften vom 26. J\u00e4nner 2026 und erhalten einen Einblick \u00fcber die Vortr\u00e4ge. <\/p>\n<!-- \/wp:paragraph -->\n\n<!-- wp:paragraph -->\n<p><\/p>\n<!-- \/wp:paragraph --><\/div><\/li>\n<li><a class=\"wp-block-latest-posts__post-title\" href=\"https:\/\/www.voea.at\/index.php\/2025\/12\/16\/voea-wuenscht-frohe-weihnachten\/\">Save the Date! Kommunalarchivtagung<\/a><div class=\"wp-block-latest-posts__post-full-content\"><!-- wp:paragraph -->\n<p>Die Jahrestagung der Kommunalarchivar*innen findet heuer von 16. bis 17. April 2026 in Steyr statt. N\u00e4here Informationen dazu erhalten Sie zeitnah auf unserer Website.<\/p>\n<!-- \/wp:paragraph --><\/div><\/li>\n<li><a class=\"wp-block-latest-posts__post-title\" href=\"https:\/\/www.voea.at\/index.php\/2025\/12\/13\/oesterreichischer-archivtag-2025-coming-soon\/\">\u00d6sterreichischer Archivtag 2025 &#8211; Nachlese und Fotos<\/a><div class=\"wp-block-latest-posts__post-full-content\"><!-- wp:paragraph -->\n<p>Liebe Kolleginnen und Kollegen, die Nachlese der Vortr\u00e4ge sowie ein paar Fotos sind ab sofort unter <a href=\"https:\/\/www.voea.at\/index.php\/archivtag-2025\/\" data-type=\"page\" data-id=\"1184\">Archivtag 2025<\/a> zu finden. Wir w\u00fcnschen viel Spa\u00df beim Schm\u00f6kern, Nachlesen, nachmachen&#8230;<\/p>\n<!-- \/wp:paragraph -->\n\n<!-- wp:paragraph -->\n<p><\/p>\n<!-- \/wp:paragraph --><\/div><\/li>\n<li><a class=\"wp-block-latest-posts__post-title\" href=\"https:\/\/www.voea.at\/index.php\/2025\/12\/05\/neue-ica-deklaration-zu-lgbtqi\/\">Neue ICA-Deklaration zu LGBTQI+<\/a><div class=\"wp-block-latest-posts__post-full-content\"><!-- wp:paragraph -->\n<p>Der Internationale Archivrat hat im Rahmen der Arbeitsgruppe f\u00fcr Archive und Archivar:innen zu sexueller und geschlechtlicher Vielfalt (SAGDAA-WG) eine <a href=\"https:\/\/www.ica.org\/resource\/international-council-on-archives-declaration-on-lgbtqi-and-sex-affective-and-gender-diversity-archives-and-archivists\/\" target=\"_blank\" rel=\"noreferrer noopener\">Erkl\u00e4rung<\/a> zu LGBTQI+ und Archiven und Archivar:innen zu sexueller und geschlechtlicher Vielfalt (SAGD) ver\u00f6ffentlicht. Diese Erkl\u00e4rung enth\u00e4lt eine klare Vision daf\u00fcr, wie sich der Archivberuf weiterentwickeln muss, um sicherzustellen, dass die Geschichte, Identit\u00e4t und Gemeinschaften von LGBTQI+ vollst\u00e4ndig anerkannt, gesch\u00fctzt und repr\u00e4sentiert werden. In der Erkl\u00e4rung werden wichtige Grunds\u00e4tze dargelegt, um eine inklusive Darstellung zu gew\u00e4hrleisten und die Zusammenarbeit zwischen Institutionen und Gemeinschaftsarchiven zu st\u00e4rken. N\u00e4here Informationen dazu erhalten Sie <a href=\"https:\/\/www.ica.org\/sagdaa-wg-publishes-the-declaration-on-lgbtqi-and-sex-affective-and-gender-diversity-archives-and-archivists\/\" target=\"_blank\" rel=\"noreferrer noopener\">hier<\/a>. <\/p>\n<!-- \/wp:paragraph -->\n\n<!-- wp:paragraph -->\n<p><\/p>\n<!-- \/wp:paragraph --><\/div><\/li>\n<\/ul><\/div>\n<\/div>\n<\/div>\n<\/div>\n\n\n\n<p class=\"has-text-color\" style=\"color:#e61212;font-style:normal;font-weight:700\"><\/p>\n","protected":false},"excerpt":{"rendered":"","protected":false},"author":1,"featured_media":0,"parent":0,"menu_order":0,"comment_status":"closed","ping_status":"closed","template":"","meta":{"footnotes":""},"class_list":["post-173","page","type-page","status-publish","hentry"],"publishpress_future_action":{"enabled":false,"date":"2026-04-28 12:14:01","action":"change-status","newStatus":"draft","terms":[],"taxonomy":"","extraData":[]},"publishpress_future_workflow_manual_trigger":{"enabledWorkflows":[]},"_links":{"self":[{"href":"https:\/\/www.voea.at\/index.php\/wp-json\/wp\/v2\/pages\/173","targetHints":{"allow":["GET"]}}],"collection":[{"href":"https:\/\/www.voea.at\/index.php\/wp-json\/wp\/v2\/pages"}],"about":[{"href":"https:\/\/www.voea.at\/index.php\/wp-json\/wp\/v2\/types\/page"}],"author":[{"embeddable":true,"href":"https:\/\/www.voea.at\/index.php\/wp-json\/wp\/v2\/users\/1"}],"replies":[{"embeddable":true,"href":"https:\/\/www.voea.at\/index.php\/wp-json\/wp\/v2\/comments?post=173"}],"version-history":[{"count":18,"href":"https:\/\/www.voea.at\/index.php\/wp-json\/wp\/v2\/pages\/173\/revisions"}],"predecessor-version":[{"id":3054,"href":"https:\/\/www.voea.at\/index.php\/wp-json\/wp\/v2\/pages\/173\/revisions\/3054"}],"wp:attachment":[{"href":"https:\/\/www.voea.at\/index.php\/wp-json\/wp\/v2\/media?parent=173"}],"curies":[{"name":"wp","href":"https:\/\/api.w.org\/{rel}","templated":true}]}}