{"id":135,"date":"2021-05-21T10:10:04","date_gmt":"2021-05-21T10:10:04","guid":{"rendered":"http:\/\/www.voea.at\/?page_id=135"},"modified":"2023-12-21T11:06:26","modified_gmt":"2023-12-21T11:06:26","slug":"empfehlungen","status":"publish","type":"page","link":"https:\/\/www.voea.at\/index.php\/empfehlungen\/","title":{"rendered":"Empfehlungen"},"content":{"rendered":"\n<p>Der Vorstand des Verbandes \u00d6sterreichischer Archivarinnen und Archivare hat Arbeitsgruppen mit dem Ziel eingerichtet, Empfehlungen, Leitf\u00e4den und Handreichungen f\u00fcr die praktische Anwendung von archivischen Fachthemen in \u00f6sterreichischen Archiven herauszugeben. Die vorliegenden Dokumente sind akkordierte Unterlagen, die als Orientierungshilfen gedacht sind. Die Empfehlungen werden laufend in den aktuellen \u201eScrinium\u201c-B\u00e4nden publiziert.<\/p>\n\n\n\n<ul class=\"wp-block-list\">\n<li>Umsetzungsempfehlungen zu ISAD(G) und ISDIAH (2014) (<a href=\"http:\/\/www.voea.at\/wp-content\/uploads\/2022\/05\/Empfehlungen_ISDAGG_ISDIAH_Scrinium_68.pdf\" target=\"_blank\" rel=\"noreferrer noopener\">PDF<\/a>).<\/li>\n\n\n\n<li>Umsetzungsempfehlungen zu ISAAR(CPF) (2016) (<a href=\"http:\/\/www.voea.at\/wp-content\/uploads\/2022\/05\/ISAAR-Leitfaden.pdf\" target=\"_blank\" rel=\"noreferrer noopener\">PDF<\/a>).<\/li>\n\n\n\n<li>Leitfaden Records Management (2018) (<a href=\"http:\/\/www.voea.at\/wp-content\/uploads\/2022\/05\/Leitfaden-Records-Management-2017.pdf\" target=\"_blank\" rel=\"noreferrer noopener\">PDF<\/a>).<\/li>\n\n\n\n<li>Empfehlung Archivnutzung und Tarife (2019) (<a href=\"http:\/\/www.voea.at\/wp-content\/uploads\/2022\/05\/VOeALeitfadenNutzung-2019.pdf\" target=\"_blank\" rel=\"noreferrer noopener\">PDF<\/a>).<\/li>\n\n\n\n<li>Empfehlung zur Bewertung von Strafakten der Landesgerichte 1945\u20131974 (2020) (<a href=\"http:\/\/www.voea.at\/wp-content\/uploads\/2022\/05\/VOeAAGBewertung_Strafakten_SD74.pdf\" target=\"_blank\" rel=\"noreferrer noopener\">PDF<\/a>).<\/li>\n\n\n\n<li>Handreichung zur Bewertung digitaler Unterlagen (2021) (<a href=\"http:\/\/www.voea.at\/wp-content\/uploads\/2023\/12\/VOeA_Handreichung_Digitale_Bewertung_Scrinium_75_2021.pdf\" target=\"_blank\" rel=\"noreferrer noopener\">PDF<\/a>).<\/li>\n\n\n\n<li>Statements zur \u00dcbernahme von Unterlagen\/Daten aus elektronischen Fachanwendungen, online seit Dezember 2023 (<a href=\"http:\/\/www.voea.at\/wp-content\/uploads\/2023\/12\/VOeA-AG-Bewertung-Statements-zur-Aussonderung-von-Fachanwendungen-2023.pdf\" target=\"_blank\" rel=\"noreferrer noopener\">PDF<\/a>).<\/li>\n<\/ul>\n\n\n\n<p>Kommentare, Fragen und Anregungen dazu richten Sie bitte an die jeweilige Arbeitsgruppe.<\/p>\n\n\n\n<div style=\"height:30px\" aria-hidden=\"true\" class=\"wp-block-spacer\"><\/div>\n\n\n\n<h3 class=\"wp-block-heading\">Allgemeine Empfehlungen<\/h3>\n\n\n\n<ul class=\"wp-block-list\">\n<li>Rechtsgutachten im Auftrag des \u00d6sterreichischen St\u00e4dtebundes, Landesgruppe Ober\u00f6sterreich \u00fcber die <a href=\"http:\/\/www.voea.at\/wp-content\/uploads\/2023\/06\/Zulaessigkeit_des_ersetzenden_Scannens_physischer_Akten_teile_.pdf\" target=\"_blank\" rel=\"noreferrer noopener\">Zul\u00e4ssigkeit des ersetzenden Scannens physischer Aktenteile<\/a> (Autor: Univ.Prof. Dr. Michael Mayrhofer, Bad Leonfelden August 2019)<\/li>\n<\/ul>\n\n\n\n<div style=\"height:30px\" aria-hidden=\"true\" class=\"wp-block-spacer\"><\/div>\n\n\n\n<h3 class=\"wp-block-heading\">EU-Datenschutz-Grundverordnung (DSGVO)<\/h3>\n\n\n\n<p>Der Vorstand des Verbandes \u00d6sterreichischer Archivarinnen und Archivare m\u00f6chte auf die aktuellsten \u00c4nderungen im Bereich des Datenschutzes aufmerksam machen und stellt Ihnen dazu folgende Informationen zur Verf\u00fcgung:<\/p>\n\n\n\n<ul class=\"wp-block-list\">\n<li><a href=\"http:\/\/www.voea.at\/wp-content\/uploads\/2022\/05\/Information_zur_DSGVO_2018-2.pdf\" target=\"_blank\" rel=\"noreferrer noopener\">V\u00d6A Kurzinformation f\u00fcr die Archive<\/a> (2018)  <\/li>\n\n\n\n<li>European Archives Group (EAG) \u2013 <a href=\"https:\/\/ec.europa.eu\/info\/about-european-commission\/service-standards-and-principles\/transparency\/freedom-information\/access-documents\/information-and-document-management\/archival-policy\/european-archives-group\/guidance-data-protection-archive-services_en\" target=\"_blank\" rel=\"noreferrer noopener\">Guidance on Data Protection for Archives Services<\/a> (2018) &#8211; (<a href=\"http:\/\/www.voea.at\/wp-content\/uploads\/2022\/05\/EAG-Draft-Guidelines_1_11.pdf\" target=\"_blank\" rel=\"noreferrer noopener\">PDF<\/a>).<\/li>\n\n\n\n<li><a href=\"https:\/\/eur-lex.europa.eu\/legal-content\/DE\/TXT\/PDF\/?uri=CELEX:32016R0679&amp;from=DE\" target=\"_blank\" rel=\"noreferrer noopener\">EU-Datenschutz-Grundverordnung<\/a> (2016) (<a href=\"http:\/\/www.voea.at\/wp-content\/uploads\/2022\/05\/Datenschutzgrundverordnung_EU_2016.pdf\" target=\"_blank\" rel=\"noreferrer noopener\">PDF<\/a>).<\/li>\n\n\n\n<li>Leitfaden der Datenschutzbeh\u00f6rde zur DSGVO (2018) (<a rel=\"noreferrer noopener\" href=\"http:\/\/www.voea.at\/wp-content\/uploads\/2022\/05\/Datenschutzgrundverordnung_Leitfaden_2016.pdf\" target=\"_blank\">P<\/a><a href=\"http:\/\/www.voea.at\/wp-content\/uploads\/2022\/05\/Datenschutzgrundverordnung_Leitfaden_2016.pdf\" target=\"_blank\" rel=\"noreferrer noopener\">DF<\/a>).<\/li>\n\n\n\n<li><a href=\"https:\/\/www.ris.bka.gv.at\/eli\/bgbl\/I\/2017\/120\/20170731?ResultFunctionToken=f5de0adc-406e-4981-b6f5-e6dc07f50a09&amp;Position=1&amp;Abfrage=BgblAuth&amp;Titel=&amp;Bgblnummer=120%2f2017&amp;SucheNachGesetzen=False&amp;SucheNachKundmachungen=False&amp;SucheNachVerordnungen=False&amp;SucheNachSonstiges=False&amp;SucheNachTeil1=False&amp;SucheNachTeil2=False&amp;SucheNachTeil3=False&amp;VonDatum=01.01.2004&amp;BisDatum=12.03.2018&amp;ImRisSeitVonDatum=01.01.2004&amp;ImRisSeitBisDatum=12.03.2018&amp;ImRisSeit=Undefined&amp;ResultPageSize=100&amp;Suchworte=\" target=\"_blank\" rel=\"noreferrer noopener\">Datenschutz-Anpassungsgesetz<\/a> (2018) (<a href=\"http:\/\/www.voea.at\/wp-content\/uploads\/2022\/05\/DSG-Anpassungsgesetz_2018.pdf\" target=\"_blank\" rel=\"noreferrer noopener\">PDF<\/a>).<\/li>\n<\/ul>\n\n\n\n<p><\/p>\n","protected":false},"excerpt":{"rendered":"<p>Der Vorstand des Verbandes \u00d6sterreichischer Archivarinnen und Archivare hat Arbeitsgruppen mit dem Ziel eingerichtet, Empfehlungen, Leitf\u00e4den und Handreichungen f\u00fcr die praktische Anwendung von archivischen Fachthemen in \u00f6sterreichischen Archiven herauszugeben. Die vorliegenden Dokumente sind akkordierte Unterlagen, die als Orientierungshilfen gedacht sind. Die Empfehlungen werden laufend in den aktuellen \u201eScrinium\u201c-B\u00e4nden publiziert. Kommentare, Fragen und Anregungen dazu richten [&hellip;]<\/p>\n","protected":false},"author":1,"featured_media":0,"parent":0,"menu_order":0,"comment_status":"closed","ping_status":"closed","template":"","meta":{"footnotes":""},"class_list":["post-135","page","type-page","status-publish","hentry"],"publishpress_future_action":{"enabled":false,"date":"2026-04-25 12:20:40","action":"change-status","newStatus":"draft","terms":[],"taxonomy":"","extraData":[]},"publishpress_future_workflow_manual_trigger":{"enabledWorkflows":[]},"_links":{"self":[{"href":"https:\/\/www.voea.at\/index.php\/wp-json\/wp\/v2\/pages\/135","targetHints":{"allow":["GET"]}}],"collection":[{"href":"https:\/\/www.voea.at\/index.php\/wp-json\/wp\/v2\/pages"}],"about":[{"href":"https:\/\/www.voea.at\/index.php\/wp-json\/wp\/v2\/types\/page"}],"author":[{"embeddable":true,"href":"https:\/\/www.voea.at\/index.php\/wp-json\/wp\/v2\/users\/1"}],"replies":[{"embeddable":true,"href":"https:\/\/www.voea.at\/index.php\/wp-json\/wp\/v2\/comments?post=135"}],"version-history":[{"count":0,"href":"https:\/\/www.voea.at\/index.php\/wp-json\/wp\/v2\/pages\/135\/revisions"}],"wp:attachment":[{"href":"https:\/\/www.voea.at\/index.php\/wp-json\/wp\/v2\/media?parent=135"}],"curies":[{"name":"wp","href":"https:\/\/api.w.org\/{rel}","templated":true}]}}