{"id":133,"date":"2021-05-21T10:09:27","date_gmt":"2021-05-21T10:09:27","guid":{"rendered":"http:\/\/www.voea.at\/?page_id=133"},"modified":"2026-03-18T14:10:14","modified_gmt":"2026-03-18T14:10:14","slug":"ausbildung","status":"publish","type":"page","link":"https:\/\/www.voea.at\/index.php\/ausbildung\/","title":{"rendered":"Ausbildung"},"content":{"rendered":"\n<h3 class=\"wp-block-heading\">Grundkurs des V\u00d6A<\/h3>\n\n\n\n<p>Der V\u00d6A stellt mit dem Grundkurs f\u00fcr Archivar*innen eine Ausbildung f\u00fcr all jene bereit, die ein Archiv verantwortlich betreuen oder in einem Archiv mitarbeiten, jedoch \u00fcber keine Fachausbildung verf\u00fcgen. Der Lehrgang vermittelt Grundlagen des Archivwesens und eine Einf\u00fchrung in die Organisation des Archivbetriebs. Dabei werden die archivischen Arbeitsbereiche vorgestellt und in praktischen \u00dcbungen vertieft. <\/p>\n\n\n\n<p>Informationen zum aktuellen Grundkurs finden Sie direkt unter <a href=\"https:\/\/www.voea.at\/index.php\/grundkurs-fuer-archivarinnen-und-archivare-2026\/\" data-type=\"page\" data-id=\"1030\" target=\"_blank\" rel=\"noreferrer noopener\">Grundkurs 2026<\/a>.<\/p>\n\n\n\n<p>Weitere aktuelle Ausbildungsangebote werden laufend auf der Startseite unter &#8222;<a href=\"https:\/\/www.voea.at\/\">Aktuelles<\/a>&#8220; ausgewiesen.<\/p>\n\n\n\n<div style=\"height:10px\" aria-hidden=\"true\" class=\"wp-block-spacer\"><\/div>\n\n\n\n<p class=\"has-text-align-center\"><\/p>\n\n\n\n<div style=\"height:10px\" aria-hidden=\"true\" class=\"wp-block-spacer\"><\/div>\n\n\n\n<p><\/p>\n\n\n\n<p><\/p>\n\n\n\n<p><span style=\"text-decoration: underline; padding-right:55%\">Grundkursteam:<\/span><\/p>\n\n\n\n<p><\/p>\n\n\n<ul>\n<li style=\"list-style-type: none;\">\n<ul>\n<li>Katja Almberger, K\u00e4rntner Landesarchiv (Leitung)<\/li>\n<li>Irene K\u00f6nig, Stiftsarchiv Lilienfeld (Kurssekretariat)<\/li>\n<\/ul>\n<\/li>\n<\/ul>\n\n\n<div style=\"height:40px\" aria-hidden=\"true\" class=\"wp-block-spacer\"><\/div>\n\n\n\n<p>Schwerpunkte des Lehrgangs sind:<\/p>\n\n\n<ul>\n<li style=\"list-style-type: none;\">\n<ul>\n<li>Grundbegriffe des Archivwesens<\/li>\n<li>Archivmanagement besonders kleinerer Archive<\/li>\n<li>Bestandsbildung, Bewertung und Bestandsgliederung<\/li>\n<li>Theorie und Praxis der Ordnung und Erschlie\u00dfung<\/li>\n<li>Records Management und Dokumentationsaufgaben<\/li>\n<li>Bestandserhaltung und Digitalisierung<\/li>\n<li>Archivben\u00fctzung und Rechtsfragen<\/li>\n<\/ul>\n<\/li>\n<\/ul>\n\n\n<div style=\"height:80px\" aria-hidden=\"true\" class=\"wp-block-spacer\"><\/div>\n\n\n\n<h6 class=\"wp-block-heading\">Sonstige Grundkurse<\/h6>\n\n\n<p>Das <span style=\"text-decoration: underline;\">Tiroler Landesarchiv<\/span> unterst\u00fctzt seit 2018 infolge des neuen Archivgesetzes Gemeindearchivar*innen in ihrer T\u00e4tigkeit. N\u00e4here Informationen zum Lehrinhalt, Ansprechpartner*innen sowie Organisatorisches finden Sie auf der <a href=\"https:\/\/www.tirol.gv.at\/kunst-kultur\/landesarchiv\/gemeindearchive\/\" target=\"_blank\" rel=\"noopener\">Internetseite des TLA<\/a>.<\/p>\n\n\n<div style=\"height:15px\" aria-hidden=\"true\" class=\"wp-block-spacer\"><\/div>\n\n\n\n<p>Das <span style=\"text-decoration: underline;\">Nieder\u00f6sterreichische Landesarchiv<\/span>&nbsp;bietet seit L\u00e4ngerem eine mehrstufige Ausbildungsschiene f\u00fcr Gemeindearchivar*innen an. N\u00e4here Informationen zum Programm, zu den Terminen, den Kosten und zur Anmeldung finden sich auf der&nbsp;<a href=\"https:\/\/www.noe.gv.at\/noe\/Landesarchiv\/Landesarchiv.html\" target=\"_blank\" rel=\"noreferrer noopener\">Website des N\u00d6LA<\/a>.<\/p>\n\n\n\n<div style=\"height:100px\" aria-hidden=\"true\" class=\"wp-block-spacer\"><\/div>\n\n\n\n<p><\/p>\n\n\n\n<h3 class=\"wp-block-heading\">Fachausbildungen:<\/h3>\n\n\n\n<h4 class=\"wp-block-heading\">Institut f\u00fcr \u00d6sterreichische Geschichtsforschung (I\u00d6G)<\/h4>\n\n\n\n<p>Die Rolle einer \u00f6sterreichischen Archivschule nimmt das <a href=\"https:\/\/geschichtsforschung.univie.ac.at\/\" target=\"_blank\" rel=\"noreferrer noopener\">Institut f\u00fcr \u00d6sterreichische Geschichtsforschung<\/a> der Universit\u00e4t Wien wahr. Das dort angesiedelte Masterstudium Historische Hilfswissenschaften und Archivwissenschaft professionalisiert die wissenschaftliche Ausbildung im Archivwesen in \u00d6sterreich. Teilnehmer*innen erhalten erh\u00f6hte Kompetenzen f\u00fcr die wissenschaftliche Erschlie\u00dfung historischer Best\u00e4nde bis hin zu digitalen Aufzeichnungen und qualifiziert f\u00fcr die akademische Laufbahn gleichfalls wie f\u00fcr die wissenschaftliche T\u00e4tigkeit in Archiven und Museen. Die Studiendauer betr\u00e4gt f\u00fcnf Semester.<\/p>\n\n\n\n<p>N\u00e4here Infos siehe <a href=\"https:\/\/geschichtsforschung.univie.ac.at\/studium\/\" target=\"_blank\" rel=\"noreferrer noopener\">Masterstudium Historische Hilfswissenschaften und Archivwissenschaft<\/a><\/p>\n\n\n\n<div style=\"height:30px\" aria-hidden=\"true\" class=\"wp-block-spacer\"><\/div>\n\n\n\n<h4 class=\"wp-block-heading\">Fachhochschule Potsdam<\/h4>\n\n\n\n<p>Der weiterbildende Masterstudiengang der Fachhochschule Potsdam bildet Absolvent*innen f\u00fcr den h\u00f6heren Archivdienst aus und setzt vor allem auf wissenschaftliche und informationstechnologische Kompetenzen.<\/p>\n\n\n\n<p>N\u00e4here Infos siehe <a href=\"https:\/\/www.fh-potsdam.de\/studieren\/bewerbenstudienbewerbung\/masterstudiengaenge\/archivwissenschaft\/\" target=\"_blank\" rel=\"noreferrer noopener\">Masterstudiengang Archivwissenschaft<\/a><\/p>\n\n\n\n<div style=\"height:30px\" aria-hidden=\"true\" class=\"wp-block-spacer\"><\/div>\n\n\n\n<h4 class=\"wp-block-heading\">Archivschule Marburg<\/h4>\n\n\n\n<p>Die Archivschule Marburg \u2013 Hochschule f\u00fcr Archivwissenschaft \u2013 ist die zentrale Aus- und Fortbildungseinrichtung des Archivwesens der Bundesrepublik Deutschland und der gr\u00f6\u00dfte Anbieter von Fortbildungsangeboten f\u00fcr das Archivwesen im deutschsprachigen Raum. <\/p>\n\n\n\n<p>N\u00e4here Infos siehe <a href=\"https:\/\/www.archivschule.de\/\" target=\"_blank\" rel=\"noreferrer noopener\">Archivschule Marburg<\/a><\/p>\n\n\n\n<div style=\"height:100px\" aria-hidden=\"true\" class=\"wp-block-spacer\"><\/div>\n\n\n\n<div style=\"height:30px\" aria-hidden=\"true\" class=\"wp-block-spacer\"><\/div>\n","protected":false},"excerpt":{"rendered":"<p>Grundkurs des V\u00d6A Der V\u00d6A stellt mit dem Grundkurs f\u00fcr Archivar*innen eine Ausbildung f\u00fcr all jene bereit, die ein Archiv verantwortlich betreuen oder in einem Archiv mitarbeiten, jedoch \u00fcber keine Fachausbildung verf\u00fcgen. Der Lehrgang vermittelt Grundlagen des Archivwesens und eine Einf\u00fchrung in die Organisation des Archivbetriebs. Dabei werden die archivischen Arbeitsbereiche vorgestellt und in praktischen [&hellip;]<\/p>\n","protected":false},"author":1,"featured_media":0,"parent":0,"menu_order":0,"comment_status":"closed","ping_status":"closed","template":"","meta":{"footnotes":""},"class_list":["post-133","page","type-page","status-publish","hentry"],"publishpress_future_action":{"enabled":false,"date":"2026-04-25 02:45:02","action":"change-status","newStatus":"draft","terms":[],"taxonomy":"","extraData":[]},"publishpress_future_workflow_manual_trigger":{"enabledWorkflows":[]},"_links":{"self":[{"href":"https:\/\/www.voea.at\/index.php\/wp-json\/wp\/v2\/pages\/133","targetHints":{"allow":["GET"]}}],"collection":[{"href":"https:\/\/www.voea.at\/index.php\/wp-json\/wp\/v2\/pages"}],"about":[{"href":"https:\/\/www.voea.at\/index.php\/wp-json\/wp\/v2\/types\/page"}],"author":[{"embeddable":true,"href":"https:\/\/www.voea.at\/index.php\/wp-json\/wp\/v2\/users\/1"}],"replies":[{"embeddable":true,"href":"https:\/\/www.voea.at\/index.php\/wp-json\/wp\/v2\/comments?post=133"}],"version-history":[{"count":0,"href":"https:\/\/www.voea.at\/index.php\/wp-json\/wp\/v2\/pages\/133\/revisions"}],"wp:attachment":[{"href":"https:\/\/www.voea.at\/index.php\/wp-json\/wp\/v2\/media?parent=133"}],"curies":[{"name":"wp","href":"https:\/\/api.w.org\/{rel}","templated":true}]}}