{"id":131,"date":"2021-05-21T10:08:58","date_gmt":"2021-05-21T10:08:58","guid":{"rendered":"http:\/\/www.voea.at\/?page_id=131"},"modified":"2025-12-14T15:58:29","modified_gmt":"2025-12-14T15:58:29","slug":"archivtag","status":"publish","type":"page","link":"https:\/\/www.voea.at\/index.php\/archivtag\/","title":{"rendered":"Archivtag"},"content":{"rendered":"\n<p>Der \u00d6sterreichische Archivtag ist die wichtigste nationale Fachtagung f\u00fcr das Archivwesen in \u00d6sterreich. Er wird vom V\u00d6A in der Regel zweij\u00e4hrlich in Kooperation mit einem \u00f6sterreichischen Archiv (meist einem Landesarchiv) organisiert. Der Archivtag steht stets unter einem bestimmten Gesamtthema, das Programm setzt sich aus Fachvortr\u00e4gen und Workshops zusammen. Tagungsberichte und Schriftfassungen der Vortr\u00e4ge werden im \u201eScrinium\u201c ver\u00f6ffentlicht.<\/p>\n\n\n\n<p>Die ersten Archivtage wurden ab 1949 vom Verband \u00d6sterreichischer Geschichtsvereine und von der Generaldirektion des \u00d6sterreichischen Staatsarchivs gekoppelt an die \u00d6sterreichischen Historikertage veranstaltet, ab 1973 trat der V\u00d6A als Mitveranstalter auf. 1975 fand erstmals ein vom Historikertag getrennter selbst\u00e4ndiger Archivtag statt, weiterhin gab es aber bis 2012 neben den \u201egro\u00dfen\u201c auch noch unselbst\u00e4ndige \u201ekleine\u201c Archivtage.<\/p>\n\n\n\n<div style=\"height:40px\" aria-hidden=\"true\" class=\"wp-block-spacer\"><\/div>\n\n\n\n<p><strong>Bisherige vom V\u00d6A mitveranstaltete Archivtage:<\/strong><\/p>\n\n\n\n<ul class=\"wp-block-list\">\n<li>1973, Bregenz (10.): Wege zur Bew\u00e4ltigung des Massenproblems in den \u00f6sterreichischen Archiven \u2013 Erfahrungen und Vorschl\u00e4ge<\/li>\n\n\n\n<li>1975, Krems (11.): Moderne Informationstr\u00e4ger und Archiv (EDV und Archiv)<\/li>\n\n\n\n<li>1976, Klagenfurt (12.): Archive in K\u00e4rnten<\/li>\n\n\n\n<li>1977, Kitzb\u00fchel (13.): Der Archivar und seine Berufsausbildung<\/li>\n\n\n\n<li>1978, Wien (14.): Archive in Wien<\/li>\n\n\n\n<li>1980, Steyr (15.): Privatarchive und Archivalienschutz<\/li>\n\n\n\n<li>1981, Salzburg (16.): Archivalienrestaurierung<\/li>\n\n\n\n<li>1982, Leoben (17.): Wirtschaftsarchive und Quellen zur Wirtschaftsgeschichte<\/li>\n\n\n\n<li>1984, Krems (18.): Archivalienschutzgesetzgebung<\/li>\n\n\n\n<li>1985, St. Veit an der Glan (19.): Technische, r\u00e4umliche und personelle Erfordernisse der modernen Archivverwaltung<\/li>\n\n\n\n<li>1987, Eisenstadt (20.): Grenz\u00fcberschreitende Zusammenarbeit zwischen Archiven<\/li>\n\n\n\n<li>1989, Radstadt (21.): Rechtsprobleme im Archivwesen<\/li>\n\n\n\n<li>1990, Linz (22.): Massenprobleme im Archiv<\/li>\n\n\n\n<li>1992, Graz (23.): Archiv heute \u2013 Ausstattungs- und Konservierungsfragen<\/li>\n\n\n\n<li>1994, Bregenz (24.): Die \u00f6sterreichischen Archive und Europa<\/li>\n\n\n\n<li>1995, Wien (25.): F\u00fcnfzig Jahre \u00d6sterreichisches Staatsarchiv. Die Situation der Archive \u2013 Aufgaben und Probleme<\/li>\n\n\n\n<li>1996, Wien (26.): Vom Pergament zur CD-ROM \u2013 Der Bildungsauftrag der \u00f6sterreichischen Archive<\/li>\n\n\n\n<li>1997, Schladming (27.): Zur Situation der Kommunal- und Gemeindearchive in \u00d6sterreich<\/li>\n\n\n\n<li>1999, Klagenfurt (28.): Die \u00f6sterreichischen Archivare an der Jahrtausendwende<\/li>\n\n\n\n<li>2001, Wien (29.): Archivorganisation am Beginn des 3.&nbsp;Jahrtausends<\/li>\n\n\n\n<li>2002, Salzburg (30.): Archiv und Zeitgeschichte<\/li>\n\n\n\n<li>2004, Klagenfurt (31.): Was soll vom Individuum bleiben? Archivische Bewertung von personenbezogenen Unterlagen.<\/li>\n\n\n\n<li>2005, Innsbruck (32.): Der nichtakademische Archivar. Die Ausbildung in \u00d6sterreich und seinen Nachbarstaaten.<\/li>\n\n\n\n<li>2007, Graz (33.): Archive als Dienstleister in der Informationsgesellschaft<\/li>\n\n\n\n<li>2008, St.&nbsp;P\u00f6lten (34.): Archivbest\u00e4nde in \u00d6sterreich \u2013 Strukturen und Erschlie\u00dfung<\/li>\n\n\n\n<li>2009, Linz (35.): Das Ende der Beschaulichkeit. Archive zwischen Politik, \u00d6konomie und \u00d6ffentlichkeit.<\/li>\n\n\n\n<li>2011, Eisenstadt (36.): Grenz\u00fcberschreitungen \u2013 Miteinander die gemeinsame Vergangenheit f\u00fcr die Zukunft bewahren<\/li>\n\n\n\n<li>2012, Krems (37.): Quellen und Digitalisierung<\/li>\n\n\n\n<li>2015, Graz (38.): Archive der Zukunft \u2013 Standards und Strategien<\/li>\n\n\n\n<li>2017, Bregenz (39.): Informationsfreiheit<\/li>\n\n\n\n<li>2019, Salzburg (40.): Kulturelles Erbe \u2013 \u00dcberlieferungsstrategien<\/li>\n\n\n\n<li>2021, Innsbruck (41.): Keine Ahnung ist auch keine L\u00f6sung \u2013 Aus- und Weiterbildung im Archiv<\/li>\n\n\n\n<li>2023, Klagenfurt (42.): Neue Wege der Forschung &#8211; Digitalisierung, Erschlie\u00dfung und KI im Archiv<\/li>\n\n\n\n<li>2025, Wien (43.): Bestandserhaltung &#8211; Von analog bis digital<\/li>\n<\/ul>\n\n\n\n<div style=\"height:10px\" aria-hidden=\"true\" class=\"wp-block-spacer\"><\/div>\n\n\n\n<div style=\"height:30px\" aria-hidden=\"true\" class=\"wp-block-spacer\"><\/div>\n\n\n\n<details>\n<summary>Nachlese 42. Archivtag (2023)<\/summary><br>\n<p>Klagenfurt, 24.-25.10.2023<br>\n<b>&#8222;Neue Wege der Forschung \u2013 Digitalisierung, Erschlie\u00dfung und KI im Archiv&#8220;<\/b><br>\n<br>\nLiebe Kolleginnen und Kollegen,<br>\n\nDas V\u00d6A-Organisationsteam m\u00f6chte sich auf diesem Wege nochmals bei allen Mitwirkenden und helfenden H\u00e4nden &#8211; insbesondere bei den Kolleg*innen des K\u00e4rntner Landesarchivs, den Leiter*innen des Rahmenprogrammes sowie allen Referent*innen, Workshop- und Fachgruppenleiter*innen, die zum Gelingen des Archivtages beigetragen haben, recht herzlich bedanken. Ebenso sei allen Teilnehmer*innen f\u00fcr Ihr Interesse, die regen Diskussionen und den fachlichen Austausch gedankt. <br>\n\nDie Abstracts und Pr\u00e4sentationen des 43. Archivtages stehen ab sofort zur Nachlese bereit. Die schriftlichen Beitr\u00e4ge sowie die Zusammenfassung der Generalversammlung finden Sie traditionell im Scrinium 2024. <br> \n<br>\nProgramm des 42. \u00d6sterreichischen Archivtag \u2013 <a target=\"_blank\" href=\"http:\/\/www.voea.at\/wp-content\/uploads\/2023\/06\/Einladung-VOeA-Archivtag-2023-Klagenfurt.pdf\" rel=\"noopener\">Programm<\/a>\n<br>\n<br>\nAbstracts und Lebensl\u00e4ufe der Vortragenden \u2013 <a target=\"_blank\" href=\"http:\/\/www.voea.at\/wp-content\/uploads\/2023\/11\/Archivtag-2023-Klagenfurt-Vortragende-Abstracts-und-Lebenslaeufe.pdf\" rel=\"noopener\">Abstracts<\/a>\n<br><br>\nVortr\u00e4ge:\n<br>\nSusanne Fr\u00f6hlich\/Liane Kirnbauer-Tiefenbach \u2013 &#8222;Digitale Archivierung: Preservation Planning \u2013 Was geht mich das an?!&#8220; \u2013 <a target=\"_blank\" href=\"http:\/\/www.voea.at\/wp-content\/uploads\/2023\/11\/Archivtag-2023-Froehlich_Kirnbauer-WS-Digitale-Archivierung-Preservation-Planning.pdf\" rel=\"noopener\">Workshop Digitale Archivierung <\/a><br>\n\nChristine Gigler\/Markus Schmidgall \u2013 &#8222;Records Management&#8220; \u2013 <a target=\"_blank\" href=\"http:\/\/www.voea.at\/wp-content\/uploads\/2023\/12\/Archivtag-2023-Klagenfurt-Gigler_Schmidgall-WorkshopRM.pdf\" rel=\"noopener\">Workshop Records Management <\/a><br>\n\nMichael Schaffner \u2013 &#8222;Digitale Zug\u00e4nge schaffen. Die Aufbereitung zentraler Best\u00e4nde im Staatsarchiv Z\u00fcrich&#8220; &#8211; \n<a target=\"_blank\" href=\"http:\/\/www.voea.at\/wp-content\/uploads\/2023\/11\/Archivtag-2023-Michael-Schaffner-Aufbereitung-zentraler-Bestaende-Staatsarchiv-Zuerich.pdf\" rel=\"noopener\">Vortrag Schaffner <\/a><br>\n\nTamara Kefer \u2013 &#8222;More product, less process? Zukunftsweisende Erschlie\u00dfungsmethoden im Kommunalarchiv&#8220; \u2013 \n<a target=\"_blank\" href=\"http:\/\/www.voea.at\/wp-content\/uploads\/2023\/11\/Archivtag-2023-Tamara-Kefer-Erschliessungsmethoden-im-Kommunalarchiv.pdf\" rel=\"noopener\">Vortrag Kefer <\/a><br>\n\nThomas Wallnig \u2013 &#8222;Forschungsdaten aus dem Archiv \u2013 und was Historiker*innen mit ihnen machen k\u00f6nnen&#8220; \u2013 \n<a target=\"_blank\" href=\"http:\/\/www.voea.at\/wp-content\/uploads\/2023\/11\/Archivtag-2023-Thomas-Wallnig-Forschungsdaten-aus-dem-Archiv.pdf\" rel=\"noopener\">Vortrag Wallnig <\/a><br>\n\nSusanne Blumesberger \u2013 &#8222;Forschungsdatenmanagement mit PHAIDRA-Services&#8220; \u2013 \n<a target=\"_blank\" href=\"http:\/\/www.voea.at\/wp-content\/uploads\/2023\/11\/Archivtag-2023-Susanne-Blumesberger-Forschungsdatenmanagement-mit-PHAIDRA-Services.pdf\" rel=\"noopener\">Vortrag Blumesberger <\/a><br>\n\nMarlene Huber \u2013 &#8222;Das Projekt \u201eHAI \u2013 Historical Media date Artificial Intelligence\u201c. Was geschieht, wenn Zeitgeschichte auf KI trifft&#8220; \u2013 \n<a target=\"_blank\" href=\"http:\/\/www.voea.at\/wp-content\/uploads\/2023\/11\/Archivtag-2023-Marlene-Huber-Das-Projekt-HAI.pdf\" rel=\"noopener\">Vortrag Huber <\/a><br>\n\nFlorian Leitner \u2013 &#8222;Erschlie\u00dfung von Bilddaten mit KI&#8220; \u2013 <a target=\"_blank\" href=\"http:\/\/www.voea.at\/wp-content\/uploads\/2023\/12\/Archivtag-2023-Florian-Leitner-Erschliessung-von-Bilddaten-mit-KI.pdf\" rel=\"noopener\">Vortrag Leitner <\/a><br>\n\nSusanne Fr\u00f6hlich \u2013 &#8222;Standardisierte Metadatenhaltung als Basis f\u00fcr KI-Erschlie\u00dfung&#8220; \u2013 \n<a target=\"_blank\" href=\"http:\/\/www.voea.at\/wp-content\/uploads\/2023\/11\/Archivtag-2023-Susanne-Froehlich-Metadaten-fuer-KI-Erschliessung.pdf\" rel=\"noopener\">Vortrag Fr\u00f6hlich <\/a><br>\n<\/a>\n<br>\n<\/p><\/p>\n<\/details>\n\n\n\n<div style=\"height:22px\" aria-hidden=\"true\" class=\"wp-block-spacer\"><\/div>\n\n\n\n<details>\n<summary>Nachlese 41. Archivtag (2021)<\/summary><br>\n<p>Innsbruck, 20.-21.10.2021<br>\n<b>&#8222;Keine Ahnung ist auch keine L\u00f6sung. Aus- und Weiterbildung im Archiv&#8220;<\/b><br>\n<br>\nSehr geehrte Kolleginnen und Kollegen,<br>\nder \u00d6sterreichische Archivtag in Innsbruck konnte wie geplant in Pr\u00e4senz stattfinden und war allen \u00e4u\u00dferen Umst\u00e4nde zum Trotz sehr gut besucht bzw. auf Grund der Teilnahmebeschr\u00e4nkungen in fast allen Bereichen ausgebucht.<br>\n\nDas V\u00d6A-Organisationsteam m\u00f6chte sich auf diesem Wege nochmals bei allen Mitwirkenden und helfenden H\u00e4nden &#8211; insbesondere bei den Kolleg:innen des Tiroler Landesarchivs, des Innsbrucker Stadtarchivs und den Leiter:innen des Rahmenprogrammes &#8211; die bereits im Vorfeld vor Ort f\u00fcr eine professionelle und Corona-konforme Organisation gesorgt haben, sehr herzlich bedanken.<br>\n\nEbenso gilt unser Dank allen Referent:innen, Workshop- und Fachgruppenleiter:innen, die mit Ihren Vortr\u00e4gen und Sitzungen zum inhaltlichen Gelingen der Tagung beigetragen haben. Weiters m\u00f6chten wir allen Teilnehmer:innen der benachbarten Archivverb\u00e4nde f\u00fcr ihr Interesse und ihre Mitwirkung an der erstmalig abgehaltenen &#8222;ausl\u00e4ndischen Archivsektion&#8220; danken.<br>\n\n<br>\nProgramm des 41. \u00d6sterreichischen Archivtag \u2013 <a href=\"http:\/\/www.voea.at\/wp-content\/uploads\/2024\/08\/Einladung-Oesterreichischer-Archivt-002.pdf\">Einladung<\/a><br>\n<br>\nVortr\u00e4ge:\n<\/br>\nDr. Irmgard Christa Becker &#8211; Aus-, Fort- und Weiterbildung im europ\u00e4ischen Kontext? Angebote der Archivschule Marburg<a href=\"http:\/\/www.voea.at\/wp-content\/uploads\/2024\/08\/004-12-11-2021-3-Becker.pptx\"> &#8211; Folien<\/a><br>\nDr. Gaby Knoch-Mund &#8211; Spezialisierung oder Interdisziplinarit\u00e4t? Das Weiterbildungsprogramm in Archiv-, Bibliotheks- und Informationswissenschaft der Universit\u00e4ten Bern und Lausanne <a href=http:\/\/www.voea.at\/wp-content\/uploads\/2024\/08\/005-12-11-2021-4-Knoch-Mund-Oesterreichischer-Archivtag-Vortrag-2021-10-21-V01.pptx> &#8211; Folien<\/a><\/br>\nKarin Schwarz &#8211; Diversity im Archiv! Vielfalt, Interdisziplinarit\u00e4t und Kooperationen im lebenslangen Lernen &#8211; <a href=\"http:\/\/www.voea.at\/wp-content\/uploads\/2024\/08\/002-12-11-2021-5-Schwarz.pdf\">Vortrag Schwarz<\/a><\/br>\n<br>\nWorkshops:\n<\/br>\nDr. Susanne Fritsch-R\u00fcbsamen &#8211; Workshop DSGVO im Archiv und Rechtsbereiche bei PatientInnenunterlagen <a href=\"http:\/\/www.voea.at\/wp-content\/uploads\/2024\/08\/006-12-11-2021-WS-3-Patientenakten.pptx\"> &#8211; Unterlagen<\/a>\n<\/p>\n<\/details>\n\n\n\n<p><\/p>\n\n\n\n<details>\n<summary>Nachlese 40. Archivtag (2019)<\/summary><br>\n<p>Salzburg, 23.-24.10.2019<br>\n<b>&#8222;Kulturelles Erbe &#8211; \u00dcberlieferungsstrategien&#8220;<\/b><br>\n<br>\nIm Rahmen des Generalthemas &#8222;Kulturelles Erbe &#8211; \u00dcberlieferungsstrategien&#8220; hat der 40. \u00d6sterreichische Archivtag am 23. und 24. Oktober 2019 in Salzburg unter reger Beteiligung von rund 160 G\u00e4sten aus dem In- und Ausland stattgefunden.<br>\n\nDie Vortr\u00e4ge und Workshops besch\u00e4ftigten sich unter anderem mit Aspekten der \u00dcberlieferungsbildung, des Records Managements und der digitalen Archivierung. Das Interesse sowie der fachliche Austausch waren wie immer hervorragend und es sei allen Beteiligten der Organisationsteams sowie den kooperierenden Archiven nochmals herzlich f\u00fcr ihr Engagement gedankt.<br>\n<br>\nEbenso ein Dank an alle Referent*innen sowie Workshop- und Fachgruppenleiter*innen f\u00fcr die Zurverf\u00fcgungstellung Ihrer Unterlagen sowie Bildmaterialien. Die gedruckten Versionen der Vortr\u00e4ge, des Festvortrages, ein Tagungsbericht sowie der Bericht zur Generalversammlung sind wie gewohnt im n\u00e4chsten Scrinium (Band 74\/2020) erscheinen.<br> \n<br>\n<br>\nProgramm des 40. \u00d6sterreichischen Archivtag \u2013 <a href=\"http:\/\/www.voea.at\/wp-content\/uploads\/2022\/10\/40.-Oesterr.-Archivtag-2019-Programm.pdf\">Einladung<\/a><br>\n<br>\nVortr\u00e4ge:\n<br>\nFestvortrag von Univ.-Prof.<sup>in<\/sup> MMag.<sup>a<\/sup> Dr.<sup>in<\/sup> Christina Antenhofer &#8211; <a target=\"_blank\" href=\"http:\/\/www.voea.at\/wp-content\/uploads\/2022\/10\/Kulturelles-Erbe_Antenhofer.pdf\" rel=\"noopener\">Pr\u00e4sentation<\/a><br>\nDr. Martin Schlemmer &#8211; &#8222;Unsexiest Must-have ever&#8220; <a href=\"http:\/\/www.voea.at\/wp-content\/uploads\/2022\/10\/OeAT-2019-Abstract-Schlemmer.pdf\">Abstract <\/a><br>\nLiane Kirnbauer-Tiefenbach \u2013 Digitale \u00dcberlieferungsbildung <a href=\"http:\/\/www.voea.at\/wp-content\/uploads\/2022\/10\/OeAT-2019-Abstract-Tiefenbach.pdf\">Abstract <\/a><br>\nJakob W\u00fchrer \u2013 Die DSGVO <a href=\"http:\/\/www.voea.at\/wp-content\/uploads\/2022\/10\/OeAT-2019_Abstract-Wuehrer.pdf\">Abstract<\/a>\n<br>Workshop Records Management \u2013 <a href=\"http:\/\/www.voea.at\/wp-content\/uploads\/2022\/05\/Ergebnisse-WS-Records-Management.pdf\">Ergebnisse<\/a><br>\nAG Kommunalarchivar*innen \u2013 <a href=\"http:\/\/www.voea.at\/wp-content\/uploads\/2022\/05\/Archivcamp-KommunalarchivarInnen.pdf\">Archivcamp<\/a>\n<br>\n<a href=\"https:\/\/service.salzburg.gv.at\/lkorrj\/Index?cmd=detail_ind&amp;nachrid=62463\">\nPresseecho\n<\/a>\n<br>\n<\/p>\n<\/details>\n","protected":false},"excerpt":{"rendered":"<p>Der \u00d6sterreichische Archivtag ist die wichtigste nationale Fachtagung f\u00fcr das Archivwesen in \u00d6sterreich. Er wird vom V\u00d6A in der Regel zweij\u00e4hrlich in Kooperation mit einem \u00f6sterreichischen Archiv (meist einem Landesarchiv) organisiert. Der Archivtag steht stets unter einem bestimmten Gesamtthema, das Programm setzt sich aus Fachvortr\u00e4gen und Workshops zusammen. Tagungsberichte und Schriftfassungen der Vortr\u00e4ge werden im [&hellip;]<\/p>\n","protected":false},"author":1,"featured_media":0,"parent":0,"menu_order":0,"comment_status":"closed","ping_status":"closed","template":"","meta":{"footnotes":""},"class_list":["post-131","page","type-page","status-publish","hentry"],"publishpress_future_action":{"enabled":false,"date":"2026-04-14 15:57:20","action":"change-status","newStatus":"draft","terms":[],"taxonomy":"","extraData":[]},"publishpress_future_workflow_manual_trigger":{"enabledWorkflows":[]},"_links":{"self":[{"href":"https:\/\/www.voea.at\/index.php\/wp-json\/wp\/v2\/pages\/131","targetHints":{"allow":["GET"]}}],"collection":[{"href":"https:\/\/www.voea.at\/index.php\/wp-json\/wp\/v2\/pages"}],"about":[{"href":"https:\/\/www.voea.at\/index.php\/wp-json\/wp\/v2\/types\/page"}],"author":[{"embeddable":true,"href":"https:\/\/www.voea.at\/index.php\/wp-json\/wp\/v2\/users\/1"}],"replies":[{"embeddable":true,"href":"https:\/\/www.voea.at\/index.php\/wp-json\/wp\/v2\/comments?post=131"}],"version-history":[{"count":0,"href":"https:\/\/www.voea.at\/index.php\/wp-json\/wp\/v2\/pages\/131\/revisions"}],"wp:attachment":[{"href":"https:\/\/www.voea.at\/index.php\/wp-json\/wp\/v2\/media?parent=131"}],"curies":[{"name":"wp","href":"https:\/\/api.w.org\/{rel}","templated":true}]}}