{"id":1193,"date":"2021-08-12T18:48:27","date_gmt":"2021-08-12T18:48:27","guid":{"rendered":"http:\/\/www.voea.at\/?page_id=1193"},"modified":"2025-11-12T08:11:51","modified_gmt":"2025-11-12T08:11:51","slug":"tag-der-archive","status":"publish","type":"page","link":"https:\/\/www.voea.at\/index.php\/tag-der-archive\/","title":{"rendered":"Internationaler Tag der Archive"},"content":{"rendered":"\n<p>Der&nbsp;<a href=\"http:\/\/www.ica.org\/\" target=\"_blank\" rel=\"noreferrer noopener\">Internationale Archivrat (ICA)<\/a>&nbsp;hat den&nbsp;<strong>9. Juni<\/strong>&nbsp;zum \u201eInternationalen Tag der Archive\u201c erkl\u00e4rt. Dies ist das Datum seiner Gr\u00fcndung unter der Schirmherrschaft der UNESCO im Jahr 1948. Archivinstitutionen in vielen Staaten der Welt feiern j\u00e4hrlich diesen Tag. Seit 2019 ist der Internationale Tag der Archive umrahmt von der <a href=\"https:\/\/www.ica.org\/international-archives-week\/about-international-archives-week\/\" target=\"_blank\" rel=\"noreferrer noopener\">Internationalen Archivwoche<\/a>.<\/p>\n\n\n\n<p>Unser Anliegen ist es, am Internationalen Tag der Archive mit verschiedenen Aktivit\u00e4ten an die \u00d6ffentlichkeit zu treten, um unseren T\u00e4tigkeitsbereich darzustellen, die Vielf\u00e4ltigkeit und Einzigartigkeit von Archivgut zu pr\u00e4sentieren und auf die unterschiedlichsten Archivsparten aufmerksam zu machen. Wir m\u00f6chten zeigen, welch unersetzbares kulturelles Erbe Archive verwahren, das Zeugnis gibt \u00fcber die wirtschaftliche, politische, rechtliche und soziale Entwicklung der Menschheit. Dieses wertvolle Gut zu erhalten und zug\u00e4nglich zu machen, soll nicht nur uns, sondern der Allgemeinheit ein Anliegen sein.<\/p>\n\n\n\n<p>An diesem Tag sind alle \u00f6sterreichischen Archivinstitutionen eingeladen, mit verschiedenen Aktivit\u00e4ten an die \u00d6ffentlichkeit zu treten, um ihren T\u00e4tigkeitsbereich darzustellen, die Vielf\u00e4ltigkeit und Einzigartigkeit von Archivgut zu pr\u00e4sentieren und auf die unterschiedlichen Archivsparten aufmerksam zu machen. Archive verwahren ein unersetzbares kulturelles Erbe, das Zeugnis gibt \u00fcber die wirtschaftliche, politische, rechtliche und soziale Entwicklung der Menschheit. Dieses wertvolle Gut zu erhalten und zug\u00e4nglich zu machen, sollte nicht nur den Archivarinnen und Archivaren, sondern auch der Allgemeinheit ein Anliegen sein.<\/p>\n\n\n\n<p>Nehmen auch Sie mit Ihrem Archiv an dieser j\u00e4hrlichen Aktion teil!<\/p>\n\n\n\n<div style=\"height:24px\" aria-hidden=\"true\" class=\"wp-block-spacer\"><\/div>\n\n\n\n<h2 class=\"wp-block-heading\">Nachlese<\/h2>\n\n\n\n<h4 class=\"wp-block-heading\">2025<\/h4>\n\n\n\n<p>Wirtschaftarchiv Vorarlberg &#8211; <a href=\"https:\/\/www.voea.at\/wp-content\/uploads\/2025\/05\/Tag-der-Archive_Programm-Vorarlberg.pdf\" target=\"_blank\" rel=\"noreferrer noopener\">Programm<\/a><\/p>\n\n\n\n<p>Stadtarchiv Baden &#8211; <a href=\"https:\/\/www.voea.at\/wp-content\/uploads\/2025\/05\/Internationaler-Archivtag_2025_Stadtarchiv-Baden.pdf\" data-type=\"attachment\" data-id=\"3588\" target=\"_blank\" rel=\"noreferrer noopener\">Programm<\/a><\/p>\n\n\n\n<p>Universit\u00e4tsarchiv Wien &#8211; <a href=\"https:\/\/www.voea.at\/wp-content\/uploads\/2025\/05\/VOeA_Tag_der_Archive_UAW_2025.pdf\" target=\"_blank\" rel=\"noreferrer noopener\">Programm<\/a><\/p>\n\n\n\n<p>Archiv des Kunsthistorischen Museums &#8211; <a href=\"https:\/\/www.voea.at\/wp-content\/uploads\/2025\/05\/VOeA_Plakat-Internationaler-Archivtag_KHM_WMW-2025.pdf\" target=\"_blank\" rel=\"noreferrer noopener\">Programm<\/a><\/p>\n\n\n\n<p>basis wien \u2013 Archiv und Dokumentationszentrum f\u00fcr zeitgen\u00f6ssische Kunst &#8211; <a href=\"https:\/\/www.basis-wien.at\/veranstaltungen\/2025-2\" target=\"_blank\" rel=\"noreferrer noopener\">Programm<\/a><\/p>\n\n\n\n<p>Archiv der Technischen Universit\u00e4t Wien &#8211; <a href=\"https:\/\/www.voea.at\/wp-content\/uploads\/2025\/06\/VOeA_Plakat-Internationaler-Archivtag_Webvorlage-2025_TU-Wien-Archiv.pdf\" target=\"_blank\" rel=\"noreferrer noopener\">Programm<\/a><\/p>\n\n\n\n<p>K\u00e4rntner Landesarchiv &#8211; <a href=\"https:\/\/www.voea.at\/wp-content\/uploads\/2025\/05\/VOeA_Plakat-Internationaler-Archivtag_KLA.pdf\" target=\"_blank\" rel=\"noreferrer noopener\">Programm<\/a><\/p>\n\n\n\n<p>Deutschordenszentralarchiv &#8211; <a href=\"https:\/\/www.youtube.com\/watch?v=wcDs9NQvkuI\" data-type=\"attachment\" data-id=\"3531\" target=\"_blank\" rel=\"noreferrer noopener\">Video<\/a><\/p>\n\n\n\n<p>Hildegard-Burjan-Archiv der Caritas Socialis \u2013 <a href=\"https:\/\/www.youtube.com\/watch?v=ggS0zhTJUKs\" target=\"_blank\" rel=\"noreferrer noopener\">Video<\/a><\/p>\n\n\n\n<div style=\"height:60px\" aria-hidden=\"true\" class=\"wp-block-spacer\"><\/div>\n\n\n\n<h4 class=\"wp-block-heading\"><strong>2024<\/strong><\/h4>\n\n\n\n<p>Wirtschaftsarchiv Vorarlberg &#8211; <a href=\"https:\/\/www.voea.at\/wp-content\/uploads\/2024\/03\/VOeA_Plakat-Internationaler-Archivtag_Webvorlage-oesterr-Archive-2024.pdf\" data-type=\"attachment\" data-id=\"3811\" target=\"_blank\" rel=\"noreferrer noopener\">Einladung\/Programm<\/a><\/p>\n\n\n\n<p>Stadtarchiv Baden &#8211; <a href=\"http:\/\/www.voea.at\/wp-content\/uploads\/2024\/05\/VOeA_Plakat-Internationaler-Archivtag_2024_Baden.pdf\" target=\"_blank\" rel=\"noreferrer noopener\">Einladung\/Programm<\/a><\/p>\n\n\n\n<p>Archiv der Universit\u00e4t Wien &#8211; <a href=\"http:\/\/www.voea.at\/wp-content\/uploads\/2024\/05\/VOeA_Tag_d_Archive_2024_UAW.pdf\" target=\"_blank\" rel=\"noreferrer noopener\">Einladung\/Programm<\/a><\/p>\n\n\n\n<p>Wiener Wiesenthal Institut f\u00fcr Holocaust-Studien (VWI) &#8211; <a href=\"http:\/\/www.voea.at\/wp-content\/uploads\/2024\/05\/VOeA_Plakat-Internationaler-Archivtag_2024_VWI.pdf\" target=\"_blank\" rel=\"noreferrer noopener\">Einladung\/Programm<\/a><\/p>\n\n\n\n<p>Archive in Salzburg &#8211; <a href=\"http:\/\/www.voea.at\/wp-content\/uploads\/2024\/05\/A6-Tage-des-Archives-03-24-FINAL-Druck.pdf\" target=\"_blank\" rel=\"noreferrer noopener\">Einladung\/Programm<\/a><\/p>\n\n\n\n<p>Wiener Stadt- und Landesarchiv &#8211; <a href=\"http:\/\/www.voea.at\/wp-content\/uploads\/2024\/05\/VOeA-Plakat-2024_WStLA.pdf\" target=\"_blank\" rel=\"noreferrer noopener\">Einladung\/Programm<\/a>. <\/p>\n\n\n\n<p>K\u00e4rntner Landesarchiv &#8211; <a href=\"http:\/\/www.voea.at\/wp-content\/uploads\/2024\/05\/Vorstellung-Tag-der-Archive_KLA.pdf\" target=\"_blank\" rel=\"noreferrer noopener\">Einladung<\/a><\/p>\n\n\n\n<p>Kunsthistorisches Museum, Weltmuseum Wien &#8211; <a href=\"https:\/\/www.voea.at\/wp-content\/uploads\/2024\/05\/VOeA_Plakat-Internationaler-Archivtag_KHM_WMW-2024.pdf\" data-type=\"attachment\" data-id=\"3923\" target=\"_blank\" rel=\"noreferrer noopener\">Einladung\/Programm<\/a><\/p>\n\n\n\n<p>Steierm\u00e4rkisches Landesarchiv &#8211; International Archives Week Challenge 2024: <a href=\"http:\/\/www.voea.at\/wp-content\/uploads\/2024\/06\/Katalog-izdaj_2024_IAW24_StLA.pdf\" target=\"_blank\" rel=\"noreferrer noopener\">Image 4 Democracy<\/a><\/p>\n\n\n\n<p><\/p>\n\n\n\n<p><\/p>\n\n\n\n<h4 class=\"wp-block-heading\"><\/h4>\n\n\n\n<p><\/p>\n","protected":false},"excerpt":{"rendered":"<p>Der&nbsp;Internationale Archivrat (ICA)&nbsp;hat den&nbsp;9. Juni&nbsp;zum \u201eInternationalen Tag der Archive\u201c erkl\u00e4rt. Dies ist das Datum seiner Gr\u00fcndung unter der Schirmherrschaft der UNESCO im Jahr 1948. Archivinstitutionen in vielen Staaten der Welt feiern j\u00e4hrlich diesen Tag. Seit 2019 ist der Internationale Tag der Archive umrahmt von der Internationalen Archivwoche. Unser Anliegen ist es, am Internationalen Tag der [&hellip;]<\/p>\n","protected":false},"author":1,"featured_media":0,"parent":0,"menu_order":0,"comment_status":"closed","ping_status":"closed","template":"","meta":{"footnotes":""},"class_list":["post-1193","page","type-page","status-publish","hentry"],"publishpress_future_action":{"enabled":false,"date":"2026-04-14 15:52:32","action":"change-status","newStatus":"draft","terms":[],"taxonomy":"","extraData":[]},"publishpress_future_workflow_manual_trigger":{"enabledWorkflows":[]},"_links":{"self":[{"href":"https:\/\/www.voea.at\/index.php\/wp-json\/wp\/v2\/pages\/1193","targetHints":{"allow":["GET"]}}],"collection":[{"href":"https:\/\/www.voea.at\/index.php\/wp-json\/wp\/v2\/pages"}],"about":[{"href":"https:\/\/www.voea.at\/index.php\/wp-json\/wp\/v2\/types\/page"}],"author":[{"embeddable":true,"href":"https:\/\/www.voea.at\/index.php\/wp-json\/wp\/v2\/users\/1"}],"replies":[{"embeddable":true,"href":"https:\/\/www.voea.at\/index.php\/wp-json\/wp\/v2\/comments?post=1193"}],"version-history":[{"count":0,"href":"https:\/\/www.voea.at\/index.php\/wp-json\/wp\/v2\/pages\/1193\/revisions"}],"wp:attachment":[{"href":"https:\/\/www.voea.at\/index.php\/wp-json\/wp\/v2\/media?parent=1193"}],"curies":[{"name":"wp","href":"https:\/\/api.w.org\/{rel}","templated":true}]}}