{"id":1184,"date":"2021-08-12T18:46:45","date_gmt":"2021-08-12T18:46:45","guid":{"rendered":"http:\/\/www.voea.at\/?page_id=1184"},"modified":"2026-03-26T08:35:42","modified_gmt":"2026-03-26T08:35:42","slug":"archivtag-2025","status":"publish","type":"page","link":"https:\/\/www.voea.at\/index.php\/archivtag-2025\/","title":{"rendered":"Archivtag 2025"},"content":{"rendered":"\n<p class=\"has-text-align-center has-medium-font-size\"> <strong>43. \u00d6sterreichischer Archivtag<\/strong><\/p>\n\n\n\n<p class=\"has-text-align-center has-large-font-size\"><strong><em>Bestandserhaltung &#8211; Von analog bis digital<\/em><\/strong><\/p>\n\n\n\n<p class=\"has-text-align-center has-colibri-color-2-color has-text-color has-link-color has-medium-font-size wp-elements-051baf0ab71252bda55fa30ab58cb86a\"><strong>21. &#8211; 22. Oktober 2025, Wien<\/strong><\/p>\n\n\n\n<div style=\"height:40px\" aria-hidden=\"true\" class=\"wp-block-spacer\"><\/div>\n\n\n\n<p><\/p>\n\n\n\n<p>Liebe Kolleginnen und Kollegen,<\/p>\n\n\n\n<p>Der 43. \u00d6sterreichische Archivtag ist &#8211; aus Sicht des V\u00d6A &#8211; sehr zufriedenstellend \u00fcber die B\u00fchne gegangen und wir hoffen, dass auch alle Anwesenden eine abwechslungsreiche und interessante Zeit in Wien verbracht haben und gut wieder in Ihren Heimatarchiven angekommen sind. Damit der fachliche Austausch in den Workshops sowie die Informationen der Vortr\u00e4ge noch nachwirken k\u00f6nnen, d\u00fcrfen wir Ihnen die gehaltenen Pr\u00e4sentationen zur Nachlese zur Verf\u00fcgung stellen. Die ausformulierten Beitr\u00e4ge finden Sie im n\u00e4chsten Scrinium-Band 80 (2026) ab Herbst 2026.<\/p>\n\n\n\n<p>Wir freuen uns auf ein Wiedersehen am n\u00e4chsten Archivtag 2027!<\/p>\n\n\n\n<p>Mit freundlichen Gr\u00fc\u00dfen<br>das Organisationsteam<\/p>\n\n\n\n<div style=\"height:23px\" aria-hidden=\"true\" class=\"wp-block-spacer\"><\/div>\n\n\n\n<h3 class=\"wp-block-heading\">Nachlese: <\/h3>\n\n\n\n<p><a href=\"https:\/\/www.voea.at\/wp-content\/uploads\/2025\/06\/43.-Oesterr.-Archivtag-2025-Einladung_Programm.pdf\" data-type=\"attachment\" data-id=\"4443\" target=\"_blank\" rel=\"noreferrer noopener\"><strong>Einladung\/Programm<\/strong><\/a><\/p>\n\n\n\n<p>Workshop Records Management \u2013 Marta RIESS, Markus SCHMIDGALL <a href=\"https:\/\/www.voea.at\/wp-content\/uploads\/2025\/11\/Archivtag-2025-Records-Management-Workshop-Marta-Riess-Markus-Schmidgall.pdf\" data-type=\"attachment\" data-id=\"4520\" target=\"_blank\" rel=\"noreferrer noopener\">(Pr\u00e4sentation)<\/a><\/p>\n\n\n\n<p>Workshop Digitale Archivierung, Vom Pre-Ingest zum Ingest \u2013 Susanne FR\u00d6HLICH <a href=\"https:\/\/www.voea.at\/wp-content\/uploads\/2025\/11\/Archivtag-2025-Workshop-Pre-Ingest_Ingest-vom-SIP-zum-AIP-Susanne-Froehlich.pdf\" data-type=\"attachment\" data-id=\"4525\" target=\"_blank\" rel=\"noreferrer noopener\">(Pr\u00e4sentation)<\/a><\/p>\n\n\n\n<p>Festvortrag, Preservation Planning \u2013 Vom formalen Prozess zur Umsetzung \u2013 Andreas Rauber <a href=\"https:\/\/www.voea.at\/wp-content\/uploads\/2025\/11\/Archivtag-2025-Preservation-Planning.-Vom-formalen-Prozess-zur-Umsetzung-Andreas-Rauber.pdf\" data-type=\"attachment\" data-id=\"4519\" target=\"_blank\" rel=\"noreferrer noopener\">(Pr\u00e4sentation)<\/a><\/p>\n\n\n\n<p>G\u00fcnstig, nachhaltig, sicher? Passive Klimatisierung als Antwort auf aktuelle Fragen \u2013 Lisa BEHRENS <a href=\"https:\/\/www.voea.at\/wp-content\/uploads\/2025\/11\/Archivtag-2025-Passive-Klimatisierung-Lisa-Behrens.pdf\" data-type=\"attachment\" data-id=\"4518\" target=\"_blank\" rel=\"noreferrer noopener\">(Pr\u00e4sentation)<\/a><\/p>\n\n\n\n<p>Notfallverbund Bayern \u2013 Abrollbeh\u00e4lter Kulturg\u00fcterschutz Bayern \u2013 Laura SCHERR <a href=\"https:\/\/www.voea.at\/wp-content\/uploads\/2025\/11\/Scherr_Praesentation_OestArchivtag_Notfallverbund.pdf\" data-type=\"attachment\" data-id=\"4541\" target=\"_blank\" rel=\"noreferrer noopener\">(Pr\u00e4sentation)<\/a><\/p>\n\n\n\n<p>Universitas semper expandenda. Die gemeinsame Nutzung des Depotneubaus Floridsdorf durch Archive und Bibliotheken \u2013 Ulrike DENK, Nina KNIELING, Alexandra WIESER <a href=\"https:\/\/www.voea.at\/wp-content\/uploads\/2025\/11\/Archivtag-2025-Depotneubau-Floridsdorf-Ulrike-Denk-Alexandra-Wieser-Nina-Knieling.pdf\" data-type=\"attachment\" data-id=\"4530\" target=\"_blank\" rel=\"noreferrer noopener\">(Pr\u00e4sentation)<\/a><\/p>\n\n\n\n<p>The Nuclear Option? Anwendung von nuklearen Techniken f\u00fcr die Bek\u00e4mpfung von Schimmel und Sch\u00e4dlingen in den Archivalien \u2013 Elizabeth KATA, Marta RIESS <a href=\"https:\/\/www.voea.at\/wp-content\/uploads\/2025\/11\/Archivtag-2025-The-Nuclear-Option-Marta-Riess-Elizabeth-Kata.pdf\" data-type=\"attachment\" data-id=\"4521\" target=\"_blank\" rel=\"noreferrer noopener\">(Pr\u00e4sentation)<\/a><\/p>\n\n\n\n<p>Analoge und digitale Bestandserhaltung bei AUV-Medien: Die Sprache des Objekts \u2013 Carmen RODRIGUEZ, Julia KR\u00c4MER-RIEDEL <a href=\"https:\/\/www.voea.at\/wp-content\/uploads\/2025\/11\/Archivtag-2025-Die-Sprache-des-Objekts-Bestandserhaltung-bei-AUV-Medien-Julia-Kraemer-Riedel-Carmen-Rodriguez.pdf\" data-type=\"attachment\" data-id=\"4526\" target=\"_blank\" rel=\"noreferrer noopener\">(Pr\u00e4sentation)<\/a><\/p>\n\n\n\n<p>Zur Entwicklung modellhafter Konservierungsstrategien f\u00fcr fotografisches Kulturgut in Archiven \u2013 Thomas KR\u00c4MER <a href=\"https:\/\/www.voea.at\/wp-content\/uploads\/2025\/11\/Archivtag-2025-Konservierungsstrategien-fuer-fotografisches-Kulturgut-Thomas-Kraemer.pdf\" data-type=\"attachment\" data-id=\"4524\" target=\"_blank\" rel=\"noreferrer noopener\">(Pr\u00e4sentation)<\/a><\/p>\n\n\n\n<p>Digitale Bestandserhaltung \u2013 DIE Herausforderung f\u00fcr zukunftstaugliche Archive \u2013 Susanne FR\u00d6HLICH, Liane TIEFENBACH &nbsp;<a href=\"https:\/\/www.voea.at\/wp-content\/uploads\/2025\/11\/Archivtag-2025-Preservation-Planning.-Die-Herausforderung-Susanne-Froehlich-Liane-Tiefenbach.pdf\" data-type=\"attachment\" data-id=\"4529\" target=\"_blank\" rel=\"noreferrer noopener\">(Pr\u00e4sentation)<\/a><\/p>\n\n\n\n<div style=\"height:60px\" aria-hidden=\"true\" class=\"wp-block-spacer\"><\/div>\n\n\n\n<figure class=\"wp-block-gallery has-nested-images columns-default is-cropped wp-block-gallery-1 is-layout-flex wp-block-gallery-is-layout-flex\">\n<figure class=\"wp-block-image size-full is-style-default\"><img loading=\"lazy\" decoding=\"async\" width=\"400\" height=\"600\" data-id=\"4637\" src=\"https:\/\/www.voea.at\/wp-content\/uploads\/2026\/01\/01_David_Bohmann.jpg\" alt=\"Bilder von Stadt Wien David Bohrmann, Sandra Pfisterm\u00fcller und Nikolaus Domes\" class=\"wp-image-4637\" srcset=\"https:\/\/www.voea.at\/wp-content\/uploads\/2026\/01\/01_David_Bohmann.jpg 400w, https:\/\/www.voea.at\/wp-content\/uploads\/2026\/01\/01_David_Bohmann-200x300.jpg 200w\" sizes=\"auto, (max-width: 400px) 100vw, 400px\" \/><figcaption class=\"wp-element-caption\">\u00d6sterreichischer Archivtag in Wien<\/figcaption><\/figure>\n\n\n\n<figure class=\"wp-block-image size-full\"><img loading=\"lazy\" decoding=\"async\" width=\"450\" height=\"600\" data-id=\"4638\" src=\"https:\/\/www.voea.at\/wp-content\/uploads\/2026\/01\/02_Sandra-Pfistermueller.jpg\" alt=\"\" class=\"wp-image-4638\" srcset=\"https:\/\/www.voea.at\/wp-content\/uploads\/2026\/01\/02_Sandra-Pfistermueller.jpg 450w, https:\/\/www.voea.at\/wp-content\/uploads\/2026\/01\/02_Sandra-Pfistermueller-225x300.jpg 225w\" sizes=\"auto, (max-width: 450px) 100vw, 450px\" \/><figcaption class=\"wp-element-caption\">Location Wiener Rathaus<\/figcaption><\/figure>\n\n\n\n<figure class=\"wp-block-image size-full\"><img loading=\"lazy\" decoding=\"async\" width=\"400\" height=\"600\" data-id=\"4652\" src=\"http:\/\/www.voea.at\/wp-content\/uploads\/2026\/01\/OesterreichischerArchivtag_c_David_Bohmann_003.jpg\" alt=\"\" class=\"wp-image-4652\" srcset=\"https:\/\/www.voea.at\/wp-content\/uploads\/2026\/01\/OesterreichischerArchivtag_c_David_Bohmann_003.jpg 400w, https:\/\/www.voea.at\/wp-content\/uploads\/2026\/01\/OesterreichischerArchivtag_c_David_Bohmann_003-200x300.jpg 200w\" sizes=\"auto, (max-width: 400px) 100vw, 400px\" \/><figcaption class=\"wp-element-caption\">\u00d6sterreichischer Archivtag in Wien<\/figcaption><\/figure>\n\n\n\n<figure class=\"wp-block-image size-full\"><img loading=\"lazy\" decoding=\"async\" width=\"800\" height=\"533\" data-id=\"4640\" src=\"https:\/\/www.voea.at\/wp-content\/uploads\/2026\/01\/04_David_Bohrmann.jpg\" alt=\"\" class=\"wp-image-4640\" srcset=\"https:\/\/www.voea.at\/wp-content\/uploads\/2026\/01\/04_David_Bohrmann.jpg 800w, https:\/\/www.voea.at\/wp-content\/uploads\/2026\/01\/04_David_Bohrmann-300x200.jpg 300w, https:\/\/www.voea.at\/wp-content\/uploads\/2026\/01\/04_David_Bohrmann-768x512.jpg 768w\" sizes=\"auto, (max-width: 800px) 100vw, 800px\" \/><figcaption class=\"wp-element-caption\">\u00d6sterreichischer Archivtag in Wien<\/figcaption><\/figure>\n\n\n\n<figure class=\"wp-block-image size-full\"><img loading=\"lazy\" decoding=\"async\" width=\"800\" height=\"533\" data-id=\"4641\" src=\"https:\/\/www.voea.at\/wp-content\/uploads\/2026\/01\/05_David_Bohrmann.jpg\" alt=\"\" class=\"wp-image-4641\" srcset=\"https:\/\/www.voea.at\/wp-content\/uploads\/2026\/01\/05_David_Bohrmann.jpg 800w, https:\/\/www.voea.at\/wp-content\/uploads\/2026\/01\/05_David_Bohrmann-300x200.jpg 300w, https:\/\/www.voea.at\/wp-content\/uploads\/2026\/01\/05_David_Bohrmann-768x512.jpg 768w\" sizes=\"auto, (max-width: 800px) 100vw, 800px\" \/><figcaption class=\"wp-element-caption\">Stadtr\u00e4tin Veronica Kaup-Hasler, Direktion Brigitte Rigele, V\u00d6A-Pr\u00e4sidentin Karin Sperl und Prof. Andreas Rauber<\/figcaption><\/figure>\n\n\n\n<figure class=\"wp-block-image size-full\"><img loading=\"lazy\" decoding=\"async\" width=\"800\" height=\"533\" data-id=\"4642\" src=\"https:\/\/www.voea.at\/wp-content\/uploads\/2026\/01\/06_David_Bohrmann.jpg\" alt=\"\" class=\"wp-image-4642\" srcset=\"https:\/\/www.voea.at\/wp-content\/uploads\/2026\/01\/06_David_Bohrmann.jpg 800w, https:\/\/www.voea.at\/wp-content\/uploads\/2026\/01\/06_David_Bohrmann-300x200.jpg 300w, https:\/\/www.voea.at\/wp-content\/uploads\/2026\/01\/06_David_Bohrmann-768x512.jpg 768w\" sizes=\"auto, (max-width: 800px) 100vw, 800px\" \/><figcaption class=\"wp-element-caption\">\u00d6sterreichischer Archivtag in Wien<\/figcaption><\/figure>\n\n\n\n<figure class=\"wp-block-image size-full\"><img loading=\"lazy\" decoding=\"async\" width=\"800\" height=\"533\" data-id=\"4643\" src=\"https:\/\/www.voea.at\/wp-content\/uploads\/2026\/01\/07_David_Bohrmann.jpg\" alt=\"\" class=\"wp-image-4643\" srcset=\"https:\/\/www.voea.at\/wp-content\/uploads\/2026\/01\/07_David_Bohrmann.jpg 800w, https:\/\/www.voea.at\/wp-content\/uploads\/2026\/01\/07_David_Bohrmann-300x200.jpg 300w, https:\/\/www.voea.at\/wp-content\/uploads\/2026\/01\/07_David_Bohrmann-768x512.jpg 768w\" sizes=\"auto, (max-width: 800px) 100vw, 800px\" \/><figcaption class=\"wp-element-caption\">Er\u00f6fffnung des \u00d6sterreichischen Archivtags in Wien durch V\u00d6A-Pr\u00e4sidentin Karin Sperl<\/figcaption><\/figure>\n\n\n\n<figure class=\"wp-block-image size-full\"><img loading=\"lazy\" decoding=\"async\" width=\"800\" height=\"533\" data-id=\"4644\" src=\"https:\/\/www.voea.at\/wp-content\/uploads\/2026\/01\/08_David_Bohrmann.jpg\" alt=\"\" class=\"wp-image-4644\" srcset=\"https:\/\/www.voea.at\/wp-content\/uploads\/2026\/01\/08_David_Bohrmann.jpg 800w, https:\/\/www.voea.at\/wp-content\/uploads\/2026\/01\/08_David_Bohrmann-300x200.jpg 300w, https:\/\/www.voea.at\/wp-content\/uploads\/2026\/01\/08_David_Bohrmann-768x512.jpg 768w\" sizes=\"auto, (max-width: 800px) 100vw, 800px\" \/><figcaption class=\"wp-element-caption\">Begr\u00fc\u00dfung durch Stadtr\u00e4tin Veronica Kaup-Hasler<\/figcaption><\/figure>\n\n\n\n<figure class=\"wp-block-image size-full\"><img loading=\"lazy\" decoding=\"async\" width=\"800\" height=\"533\" data-id=\"4645\" src=\"https:\/\/www.voea.at\/wp-content\/uploads\/2026\/01\/09_David_Bohrmann.jpg\" alt=\"\" class=\"wp-image-4645\" srcset=\"https:\/\/www.voea.at\/wp-content\/uploads\/2026\/01\/09_David_Bohrmann.jpg 800w, https:\/\/www.voea.at\/wp-content\/uploads\/2026\/01\/09_David_Bohrmann-300x200.jpg 300w, https:\/\/www.voea.at\/wp-content\/uploads\/2026\/01\/09_David_Bohrmann-768x512.jpg 768w\" sizes=\"auto, (max-width: 800px) 100vw, 800px\" \/><figcaption class=\"wp-element-caption\">Festvortrag von Prof. Dr. Andreas Rauber<\/figcaption><\/figure>\n\n\n\n<figure class=\"wp-block-image size-full\"><img loading=\"lazy\" decoding=\"async\" width=\"800\" height=\"535\" data-id=\"4646\" src=\"https:\/\/www.voea.at\/wp-content\/uploads\/2026\/01\/010_David_Bohrmann.jpg\" alt=\"\" class=\"wp-image-4646\" srcset=\"https:\/\/www.voea.at\/wp-content\/uploads\/2026\/01\/010_David_Bohrmann.jpg 800w, https:\/\/www.voea.at\/wp-content\/uploads\/2026\/01\/010_David_Bohrmann-300x201.jpg 300w, https:\/\/www.voea.at\/wp-content\/uploads\/2026\/01\/010_David_Bohrmann-768x514.jpg 768w\" sizes=\"auto, (max-width: 800px) 100vw, 800px\" \/><figcaption class=\"wp-element-caption\">Prof. Dr. Andreas Rauber<\/figcaption><\/figure>\n\n\n\n<figure class=\"wp-block-image size-full\"><img loading=\"lazy\" decoding=\"async\" width=\"800\" height=\"600\" data-id=\"4647\" src=\"https:\/\/www.voea.at\/wp-content\/uploads\/2026\/01\/011_Hannes-Tauber.jpg\" alt=\"\" class=\"wp-image-4647\" srcset=\"https:\/\/www.voea.at\/wp-content\/uploads\/2026\/01\/011_Hannes-Tauber.jpg 800w, https:\/\/www.voea.at\/wp-content\/uploads\/2026\/01\/011_Hannes-Tauber-300x225.jpg 300w, https:\/\/www.voea.at\/wp-content\/uploads\/2026\/01\/011_Hannes-Tauber-768x576.jpg 768w\" sizes=\"auto, (max-width: 800px) 100vw, 800px\" \/><figcaption class=\"wp-element-caption\">Generalversammlung des V\u00d6A<\/figcaption><\/figure>\n\n\n\n<figure class=\"wp-block-image size-full\"><img loading=\"lazy\" decoding=\"async\" width=\"800\" height=\"600\" data-id=\"4648\" src=\"https:\/\/www.voea.at\/wp-content\/uploads\/2026\/01\/012_Hannes-Tauber.jpg\" alt=\"\" class=\"wp-image-4648\" srcset=\"https:\/\/www.voea.at\/wp-content\/uploads\/2026\/01\/012_Hannes-Tauber.jpg 800w, https:\/\/www.voea.at\/wp-content\/uploads\/2026\/01\/012_Hannes-Tauber-300x225.jpg 300w, https:\/\/www.voea.at\/wp-content\/uploads\/2026\/01\/012_Hannes-Tauber-768x576.jpg 768w\" sizes=\"auto, (max-width: 800px) 100vw, 800px\" \/><figcaption class=\"wp-element-caption\">Generalversammlung des V\u00d6A<\/figcaption><\/figure>\n\n\n\n<figure class=\"wp-block-image size-full\"><img loading=\"lazy\" decoding=\"async\" width=\"450\" height=\"600\" data-id=\"4649\" src=\"https:\/\/www.voea.at\/wp-content\/uploads\/2026\/01\/013_Hannes-Tauber.jpg\" alt=\"\" class=\"wp-image-4649\" srcset=\"https:\/\/www.voea.at\/wp-content\/uploads\/2026\/01\/013_Hannes-Tauber.jpg 450w, https:\/\/www.voea.at\/wp-content\/uploads\/2026\/01\/013_Hannes-Tauber-225x300.jpg 225w\" sizes=\"auto, (max-width: 450px) 100vw, 450px\" \/><figcaption class=\"wp-element-caption\">Vortrag von Laura Scherr<\/figcaption><\/figure>\n\n\n\n<figure class=\"wp-block-image size-full\"><img loading=\"lazy\" decoding=\"async\" width=\"450\" height=\"600\" data-id=\"4650\" src=\"https:\/\/www.voea.at\/wp-content\/uploads\/2026\/01\/014_Hannes-Tauber.jpg\" alt=\"\" class=\"wp-image-4650\" srcset=\"https:\/\/www.voea.at\/wp-content\/uploads\/2026\/01\/014_Hannes-Tauber.jpg 450w, https:\/\/www.voea.at\/wp-content\/uploads\/2026\/01\/014_Hannes-Tauber-225x300.jpg 225w\" sizes=\"auto, (max-width: 450px) 100vw, 450px\" \/><figcaption class=\"wp-element-caption\">Vortrag von Lisa Behrens<\/figcaption><\/figure>\n\n\n\n<figure class=\"wp-block-image size-full\"><img loading=\"lazy\" decoding=\"async\" width=\"450\" height=\"600\" data-id=\"4651\" src=\"https:\/\/www.voea.at\/wp-content\/uploads\/2026\/01\/015_Hannes-Tauber.jpg\" alt=\"\" class=\"wp-image-4651\" srcset=\"https:\/\/www.voea.at\/wp-content\/uploads\/2026\/01\/015_Hannes-Tauber.jpg 450w, https:\/\/www.voea.at\/wp-content\/uploads\/2026\/01\/015_Hannes-Tauber-225x300.jpg 225w\" sizes=\"auto, (max-width: 450px) 100vw, 450px\" \/><figcaption class=\"wp-element-caption\">Vortrag von Nina Knieling<\/figcaption><\/figure>\n\n\n\n<figure class=\"wp-block-image size-full\"><img loading=\"lazy\" decoding=\"async\" width=\"450\" height=\"600\" data-id=\"4626\" src=\"https:\/\/www.voea.at\/wp-content\/uploads\/2026\/01\/016_Hannes-Tauber.jpg\" alt=\"\" class=\"wp-image-4626\" srcset=\"https:\/\/www.voea.at\/wp-content\/uploads\/2026\/01\/016_Hannes-Tauber.jpg 450w, https:\/\/www.voea.at\/wp-content\/uploads\/2026\/01\/016_Hannes-Tauber-225x300.jpg 225w\" sizes=\"auto, (max-width: 450px) 100vw, 450px\" \/><figcaption class=\"wp-element-caption\">Vortrag von Ulrike Denk<\/figcaption><\/figure>\n\n\n\n<figure class=\"wp-block-image size-full\"><img loading=\"lazy\" decoding=\"async\" width=\"450\" height=\"600\" data-id=\"4627\" src=\"https:\/\/www.voea.at\/wp-content\/uploads\/2026\/01\/017_Hannes-Tauber.jpg\" alt=\"\" class=\"wp-image-4627\" srcset=\"https:\/\/www.voea.at\/wp-content\/uploads\/2026\/01\/017_Hannes-Tauber.jpg 450w, https:\/\/www.voea.at\/wp-content\/uploads\/2026\/01\/017_Hannes-Tauber-225x300.jpg 225w\" sizes=\"auto, (max-width: 450px) 100vw, 450px\" \/><figcaption class=\"wp-element-caption\">Vortrag von Alexandra Wieser<\/figcaption><\/figure>\n\n\n\n<figure class=\"wp-block-image size-full\"><img loading=\"lazy\" decoding=\"async\" width=\"450\" height=\"600\" data-id=\"4628\" src=\"https:\/\/www.voea.at\/wp-content\/uploads\/2026\/01\/018_Hannes-Tauber.jpg\" alt=\"\" class=\"wp-image-4628\" srcset=\"https:\/\/www.voea.at\/wp-content\/uploads\/2026\/01\/018_Hannes-Tauber.jpg 450w, https:\/\/www.voea.at\/wp-content\/uploads\/2026\/01\/018_Hannes-Tauber-225x300.jpg 225w\" sizes=\"auto, (max-width: 450px) 100vw, 450px\" \/><figcaption class=\"wp-element-caption\">Vortrag von Marta Riess<\/figcaption><\/figure>\n\n\n\n<figure class=\"wp-block-image size-full\"><img loading=\"lazy\" decoding=\"async\" width=\"450\" height=\"600\" data-id=\"4629\" src=\"https:\/\/www.voea.at\/wp-content\/uploads\/2026\/01\/019_Hannes-Tauber.jpg\" alt=\"\" class=\"wp-image-4629\" srcset=\"https:\/\/www.voea.at\/wp-content\/uploads\/2026\/01\/019_Hannes-Tauber.jpg 450w, https:\/\/www.voea.at\/wp-content\/uploads\/2026\/01\/019_Hannes-Tauber-225x300.jpg 225w\" sizes=\"auto, (max-width: 450px) 100vw, 450px\" \/><figcaption class=\"wp-element-caption\">Vortrag von Elizabeth Kata<\/figcaption><\/figure>\n\n\n\n<figure class=\"wp-block-image size-full\"><img loading=\"lazy\" decoding=\"async\" width=\"450\" height=\"600\" data-id=\"4630\" src=\"https:\/\/www.voea.at\/wp-content\/uploads\/2026\/01\/020_Hannes-Tauber.jpg\" alt=\"\" class=\"wp-image-4630\" srcset=\"https:\/\/www.voea.at\/wp-content\/uploads\/2026\/01\/020_Hannes-Tauber.jpg 450w, https:\/\/www.voea.at\/wp-content\/uploads\/2026\/01\/020_Hannes-Tauber-225x300.jpg 225w\" sizes=\"auto, (max-width: 450px) 100vw, 450px\" \/><figcaption class=\"wp-element-caption\">Vortrag von Petra Greef, Silvio Wiese und Wolfgang G\u00f6derle<\/figcaption><\/figure>\n\n\n\n<figure class=\"wp-block-image size-full\"><img loading=\"lazy\" decoding=\"async\" width=\"450\" height=\"600\" data-id=\"4631\" src=\"https:\/\/www.voea.at\/wp-content\/uploads\/2026\/01\/021_Hannes-Tauber.jpg\" alt=\"\" class=\"wp-image-4631\" srcset=\"https:\/\/www.voea.at\/wp-content\/uploads\/2026\/01\/021_Hannes-Tauber.jpg 450w, https:\/\/www.voea.at\/wp-content\/uploads\/2026\/01\/021_Hannes-Tauber-225x300.jpg 225w\" sizes=\"auto, (max-width: 450px) 100vw, 450px\" \/><figcaption class=\"wp-element-caption\">Vortrag von Carmen Rodriguez und Julia Kr\u00e4mer-Riedel<\/figcaption><\/figure>\n\n\n\n<figure class=\"wp-block-image size-full\"><img loading=\"lazy\" decoding=\"async\" width=\"800\" height=\"600\" data-id=\"4632\" src=\"https:\/\/www.voea.at\/wp-content\/uploads\/2026\/01\/022_Hannes-Tauber.jpg\" alt=\"\" class=\"wp-image-4632\" srcset=\"https:\/\/www.voea.at\/wp-content\/uploads\/2026\/01\/022_Hannes-Tauber.jpg 800w, https:\/\/www.voea.at\/wp-content\/uploads\/2026\/01\/022_Hannes-Tauber-300x225.jpg 300w, https:\/\/www.voea.at\/wp-content\/uploads\/2026\/01\/022_Hannes-Tauber-768x576.jpg 768w\" sizes=\"auto, (max-width: 800px) 100vw, 800px\" \/><figcaption class=\"wp-element-caption\">Auditorium<\/figcaption><\/figure>\n\n\n\n<figure class=\"wp-block-image size-full\"><img loading=\"lazy\" decoding=\"async\" width=\"450\" height=\"600\" data-id=\"4633\" src=\"https:\/\/www.voea.at\/wp-content\/uploads\/2026\/01\/023_Hannes-Tauber.jpg\" alt=\"\" class=\"wp-image-4633\" srcset=\"https:\/\/www.voea.at\/wp-content\/uploads\/2026\/01\/023_Hannes-Tauber.jpg 450w, https:\/\/www.voea.at\/wp-content\/uploads\/2026\/01\/023_Hannes-Tauber-225x300.jpg 225w\" sizes=\"auto, (max-width: 450px) 100vw, 450px\" \/><figcaption class=\"wp-element-caption\">Vortrag von Thomas Kr\u00e4mer<\/figcaption><\/figure>\n\n\n\n<figure class=\"wp-block-image size-full\"><img loading=\"lazy\" decoding=\"async\" width=\"1536\" height=\"2048\" data-id=\"4655\" src=\"http:\/\/www.voea.at\/wp-content\/uploads\/2026\/01\/Oesterreichischer-Archivtag_025.jpeg\" alt=\"\" class=\"wp-image-4655\" srcset=\"https:\/\/www.voea.at\/wp-content\/uploads\/2026\/01\/Oesterreichischer-Archivtag_025.jpeg 1536w, https:\/\/www.voea.at\/wp-content\/uploads\/2026\/01\/Oesterreichischer-Archivtag_025-225x300.jpeg 225w, https:\/\/www.voea.at\/wp-content\/uploads\/2026\/01\/Oesterreichischer-Archivtag_025-768x1024.jpeg 768w, https:\/\/www.voea.at\/wp-content\/uploads\/2026\/01\/Oesterreichischer-Archivtag_025-1152x1536.jpeg 1152w\" sizes=\"auto, (max-width: 1536px) 100vw, 1536px\" \/><figcaption class=\"wp-element-caption\">Location Wiener Rathaus<\/figcaption><\/figure>\n\n\n\n<figure class=\"wp-block-image size-full\"><img loading=\"lazy\" decoding=\"async\" width=\"800\" height=\"450\" data-id=\"4636\" src=\"https:\/\/www.voea.at\/wp-content\/uploads\/2026\/01\/026_Nikolaus-Domes.jpg\" alt=\"\" class=\"wp-image-4636\" srcset=\"https:\/\/www.voea.at\/wp-content\/uploads\/2026\/01\/026_Nikolaus-Domes.jpg 800w, https:\/\/www.voea.at\/wp-content\/uploads\/2026\/01\/026_Nikolaus-Domes-300x169.jpg 300w, https:\/\/www.voea.at\/wp-content\/uploads\/2026\/01\/026_Nikolaus-Domes-768x432.jpg 768w\" sizes=\"auto, (max-width: 800px) 100vw, 800px\" \/><figcaption class=\"wp-element-caption\">Workshops<\/figcaption><\/figure>\n<\/figure>\n\n\n\n<div style=\"height:50px\" aria-hidden=\"true\" class=\"wp-block-spacer\"><\/div>\n\n\n\n<p class=\"has-text-align-center has-medium-font-size\"><strong>Veranstaltet vom Verband \u00d6sterreichischer Archivarinnen und Archivare in Kooperation mit dem Wiener Stadt- und Landesarchiv<\/strong><\/p>\n\n\n\n<p class=\"has-text-align-center\">Mit freundlicher Unterst\u00fctzung von: \u00d6sterreichisches Staatsarchiv, Parlament &#8211; Parlamentsarchiv, Fa. Startext GmbH, Schottenstift &#8211; Stiftsarchiv, Archiv der Internationalen Atomenergiebeh\u00f6rde<\/p>\n\n\n\n<p>Fotocopyrights: Stadt Wien David Bohrmann, Sandra Pfisterm\u00fcller, Nikolaus Domes<\/p>\n\n\n\n<div style=\"height:18px\" aria-hidden=\"true\" class=\"wp-block-spacer\"><\/div>\n\n\n\n<div class=\"wp-block-columns is-layout-flex wp-container-core-columns-is-layout-9d6595d7 wp-block-columns-is-layout-flex\">\n<div class=\"wp-block-column is-vertically-aligned-center is-layout-flow wp-block-column-is-layout-flow\"><div class=\"wp-block-image\">\n<figure class=\"aligncenter size-large is-resized\"><img loading=\"lazy\" decoding=\"async\" width=\"1018\" height=\"1024\" src=\"http:\/\/www.voea.at\/wp-content\/uploads\/2023\/06\/Logo_2011-VOEAmitText-f-1018x1024.gif\" alt=\"\" class=\"wp-image-3074\" style=\"width:147px;height:148px\" srcset=\"https:\/\/www.voea.at\/wp-content\/uploads\/2023\/06\/Logo_2011-VOEAmitText-f-1018x1024.gif 1018w, https:\/\/www.voea.at\/wp-content\/uploads\/2023\/06\/Logo_2011-VOEAmitText-f-298x300.gif 298w, https:\/\/www.voea.at\/wp-content\/uploads\/2023\/06\/Logo_2011-VOEAmitText-f-150x150.gif 150w, https:\/\/www.voea.at\/wp-content\/uploads\/2023\/06\/Logo_2011-VOEAmitText-f-768x773.gif 768w, https:\/\/www.voea.at\/wp-content\/uploads\/2023\/06\/Logo_2011-VOEAmitText-f-1527x1536.gif 1527w, https:\/\/www.voea.at\/wp-content\/uploads\/2023\/06\/Logo_2011-VOEAmitText-f-2036x2048.gif 2036w\" sizes=\"auto, (max-width: 1018px) 100vw, 1018px\" \/><\/figure>\n<\/div><\/div>\n\n\n\n<div class=\"wp-block-column is-vertically-aligned-center is-layout-flow wp-block-column-is-layout-flow\">\n<div class=\"wp-block-group\"><div class=\"wp-block-group__inner-container is-layout-constrained wp-block-group-is-layout-constrained\">\n<div class=\"wp-block-columns is-layout-flex wp-container-core-columns-is-layout-9d6595d7 wp-block-columns-is-layout-flex\">\n<div class=\"wp-block-column is-layout-flow wp-block-column-is-layout-flow\" style=\"flex-basis:100%\"><div class=\"wp-block-image\">\n<figure class=\"alignleft size-full\"><img loading=\"lazy\" decoding=\"async\" width=\"341\" height=\"73\" src=\"https:\/\/www.voea.at\/wp-content\/uploads\/2023\/12\/WStLA-Logo-1.jpg\" alt=\"\" class=\"wp-image-3596\" srcset=\"https:\/\/www.voea.at\/wp-content\/uploads\/2023\/12\/WStLA-Logo-1.jpg 341w, https:\/\/www.voea.at\/wp-content\/uploads\/2023\/12\/WStLA-Logo-1-300x64.jpg 300w\" sizes=\"auto, (max-width: 341px) 100vw, 341px\" \/><\/figure>\n<\/div><\/div>\n<\/div>\n<\/div><\/div>\n<\/div>\n<\/div>\n\n\n\n<div style=\"height:40px\" aria-hidden=\"true\" class=\"wp-block-spacer\"><\/div>\n\n\n\n","protected":false},"excerpt":{"rendered":"<p>43. \u00d6sterreichischer Archivtag Bestandserhaltung &#8211; Von analog bis digital 21. &#8211; 22. Oktober 2025, Wien Liebe Kolleginnen und Kollegen, Der 43. \u00d6sterreichische Archivtag ist &#8211; aus Sicht des V\u00d6A &#8211; sehr zufriedenstellend \u00fcber die B\u00fchne gegangen und wir hoffen, dass auch alle Anwesenden eine abwechslungsreiche und interessante Zeit in Wien verbracht haben und gut wieder [&hellip;]<\/p>\n","protected":false},"author":2,"featured_media":0,"parent":0,"menu_order":0,"comment_status":"closed","ping_status":"closed","template":"","meta":{"footnotes":""},"class_list":["post-1184","page","type-page","status-publish","hentry"],"publishpress_future_action":{"enabled":false,"date":"2026-04-14 10:58:19","action":"change-status","newStatus":"draft","terms":[],"taxonomy":"","extraData":[]},"publishpress_future_workflow_manual_trigger":{"enabledWorkflows":[]},"_links":{"self":[{"href":"https:\/\/www.voea.at\/index.php\/wp-json\/wp\/v2\/pages\/1184","targetHints":{"allow":["GET"]}}],"collection":[{"href":"https:\/\/www.voea.at\/index.php\/wp-json\/wp\/v2\/pages"}],"about":[{"href":"https:\/\/www.voea.at\/index.php\/wp-json\/wp\/v2\/types\/page"}],"author":[{"embeddable":true,"href":"https:\/\/www.voea.at\/index.php\/wp-json\/wp\/v2\/users\/2"}],"replies":[{"embeddable":true,"href":"https:\/\/www.voea.at\/index.php\/wp-json\/wp\/v2\/comments?post=1184"}],"version-history":[{"count":0,"href":"https:\/\/www.voea.at\/index.php\/wp-json\/wp\/v2\/pages\/1184\/revisions"}],"wp:attachment":[{"href":"https:\/\/www.voea.at\/index.php\/wp-json\/wp\/v2\/media?parent=1184"}],"curies":[{"name":"wp","href":"https:\/\/api.w.org\/{rel}","templated":true}]}}