{"id":1142,"date":"2021-08-11T15:35:33","date_gmt":"2021-08-11T15:35:33","guid":{"rendered":"http:\/\/www.voea.at\/?page_id=1142"},"modified":"2026-02-25T20:36:47","modified_gmt":"2026-02-25T20:36:47","slug":"arbeitsgruppen","status":"publish","type":"page","link":"https:\/\/www.voea.at\/index.php\/arbeitsgruppen\/","title":{"rendered":"Arbeitsgruppen"},"content":{"rendered":"\n<p>Der Vorstand des V\u00d6A kann gem\u00e4\u00df \u00a7&nbsp;15 Z.&nbsp;10 des Verbandsstatuts zur Erledigung bestimmter Spezialaufgaben Kommissionen einsetzen, der auch vorstandsfremde Verbandsmitglieder angeh\u00f6ren k\u00f6nnen. Folgende Arbeitsgruppen setzte der V\u00d6A bis dato ein:<\/p>\n\n\n\n<div class=\"wp-block-group\"><div class=\"wp-block-group__inner-container is-layout-flow wp-block-group-is-layout-flow\">\n<ul id=\"block-f05527c3-c43c-4ad9-a466-cd8208eee44d\">\n<li><a href=\"#ag1\">AG Digitale Archivierung<\/a><\/li>\n<li><a href=\"#ag2\">AG Aus- und Weiterbildung<\/a><\/li>\n<li><a href=\"#ag3\">AG Standards und Normen<\/a>\n<\/li><li><a href=\"#ag4\">AG \u00dcberlieferungsbildung und Bewertung<\/a>\n<\/li><li><a href=\"#ag5\">AG Archivnutzung und Geb\u00fchren<\/a>\n<\/li><li><a href=\"#ag6\">AG Recordsmanagement<\/a>\n<\/li><\/ul>\n<\/div><\/div>\n\n\n\n<p><\/p>\n\n\n\n<p>Da wir immer auf der Suche nach kompetenten und engagierten Mitarbeiter*innen f\u00fcr die Arbeitsgruppen sind, m\u00f6chten wir Sie einladen, sich bei Interesse an einer Mitarbeit, unter Nennung der jeweiligen Arbeitsgruppe sowie Angabe Ihrer inhaltlichen Schwerpunkte, an das V\u00d6A Sekretariat zu wenden: <a href=\"mailto:sekretariat@voea.at\" data-type=\"link\" data-id=\"sekretariat@voea.at\">sekretariat@voea.at<\/a>.<\/p>\n\n\n\n<p>Vielen Dank f\u00fcr Ihre Unterst\u00fctzung!<\/p>\n\n\n<p><!-- \/wp:post-content --><br \/><!-- wp:spacer {\"height\":\"60px\"} --><\/p>\n<div class=\"wp-block-spacer\" style=\"height: 60px;\" aria-hidden=\"true\">\u00a0<\/div>\n<p><!-- \/wp:spacer --><\/p>\n<p><!-- wp:heading {\"level\":3} --><\/p>\n<h3>Aktive Arbeitsgruppen:<\/h3>\n<p><!-- \/wp:heading --><\/p>\n<p><!-- wp:spacer {\"height\":\"50px\"} --><\/p>\n<p><!-- \/wp:spacer --><\/p>\n<p><!-- wp:paragraph --><\/p>\n<p><!-- \/wp:paragraph --><\/p>\n<p><!-- wp:paragraph --><\/p>\n<p><!-- \/wp:paragraph --><\/p>\n<p><!-- wp:html --><\/p>\n<div id=\"ag1\" style=\"position: absolute; margin: -105px;\">\u00a0<\/div>\n<div class=\"h-heading__outer style-224 style-local-34-c34\">\u00a0<\/div>\n<p><!-- \/wp:html --><\/p>\n<p><!-- wp:spacer --><\/p>\n<p><!-- \/wp:spacer --><\/p>\n<p><!-- wp:html --><\/p>\n<div id=\"ag1\" style=\"position: absolute; margin: -105px;\">\u00a0<\/div>\n<div class=\"h-heading__outer style-224 style-local-34-c34\">\n<h4>AG Digitale Archivierung<\/h4>\n<\/div>\n<p>Die digitale Archivierung ist eine komplexe und sich st\u00e4ndig weiterentwickelnde Disziplin, die eine fundierte Wissensbasis erfordert. Daher erfolgte mit Antrag und Beschluss der Vorstandssitzung des V\u00d6A vom 14.02.2024 die Neugr\u00fcndung der Arbeitsgruppe Digitale Archivierung. Die Arbeitsgruppe soll sich regelm\u00e4\u00dfig treffen, um verschiedene Bed\u00fcrfnisse und Aspekte der digitalen Archivierung zu diskutieren und auszuarbeiten, um ein fundiertes Verst\u00e4ndnis der Grundlagen der digitalen Archivierung zu etablieren. Aktuell ist sie noch im Aufbau begriffen.<\/p>\n<p><!-- \/wp:html --><\/p>\n<p><!-- wp:paragraph --><\/p>\n<p><!-- \/wp:paragraph --><\/p>\n<p><!-- wp:paragraph {\"placeholder\":\"Inhalt\u2026\"} --><\/p>\n<p><!-- \/wp:paragraph --><\/p>\n<p><!-- \/wp:media-text --><\/p>\n<p><!-- wp:paragraph --><\/p>\n<p><!-- \/wp:paragraph --><\/p>\n<p><!-- wp:spacer {\"height\":\"60px\"} --><\/p>\n<div class=\"wp-block-spacer\" style=\"height: 60px;\" aria-hidden=\"true\">\u00a0<\/div>\n<p><!-- \/wp:spacer --><\/p>\n<p><!-- wp:html --><\/p>\n<div id=\"ag2\" style=\"position: absolute; margin: -105px;\">\u00a0<\/div>\n<div class=\"h-heading__outer style-224 style-local-34-c34\">\n<h4>AG Aus- und Weiterbildung<\/h4>\n<\/div>\n<p>Der Beruf der Archivarin\/des Archivars ist einem steten Wandel unterlegen. Dies bringt f\u00fcr die (kommenden) Mitarbeiterinnen und Mitarbeiter in Archiven neue und immer gr\u00f6\u00dfer werdende Anforderungen mit sich, die auch in der Ausbildung abgebildet werden m\u00fcssen. Die Arbeitsgruppe besch\u00e4ftigt sich mit den vielf\u00e4ltigen Ausbildungsm\u00f6glichkeiten in der \u00f6sterreichischen Archivlandschaft und der inhaltlichen Weiterentwicklung der Ausbildungsprogramme.<\/p>\n<p>Kontakt zur Arbeitsgruppe: <span style=\"color: #0000ff;\">grundkurs@voea.at<\/span><\/p>\n<p><!-- \/wp:paragraph --><\/p>\n<p><!-- wp:paragraph --><\/p>\n<p><!-- \/wp:paragraph --><\/p>\n<p><!-- wp:paragraph {\"placeholder\":\"Inhalt\u2026\"} --><\/p>\n<p><!-- \/wp:paragraph --><\/p>\n<p><!-- \/wp:media-text --><\/p>\n<p><!-- wp:paragraph --><\/p>\n<p><!-- \/wp:paragraph --><\/p>\n<p><!-- wp:spacer {\"height\":\"60px\"} --><\/p>\n<div class=\"wp-block-spacer\" style=\"height: 60px;\" aria-hidden=\"true\">\u00a0<\/div>\n<p><!-- \/wp:spacer --><\/p>\n<p><!-- wp:html --><\/p>\n<div id=\"ag3\" style=\"position: absolute; margin: -105px;\">\u00a0<\/div>\n<div class=\"h-heading__outer style-224 style-local-34-c34\">\n<h4>AG Standards und Normen<\/h4>\n<\/div>\n<p><!-- \/wp:html --><\/p>\n<p><!-- wp:paragraph --><\/p>\n<p>Die Arbeitsgruppe \u201eStandards und Normen\u201c erhielt ab 2011 den Auftrag, Empfehlungen, Richtlinien und Konzepte f\u00fcr die Umsetzung von international anerkannten archivischen Normen und Standards (ISAD(G), ISDIAH und ISAAR(CPF)) f\u00fcr \u00d6sterreich zu erarbeiten und die \u00f6sterreichische Archivlandschaft in der Anwendung dieser Vorgaben zu unterst\u00fctzen. Ziel ist es unter anderem auch, Aktivit\u00e4ten in \u00d6sterreich, die die Standardisierung und Normierung betreffen, zu koordinieren.<\/p>\n<p><!-- \/wp:paragraph --><\/p>\n<p><!-- wp:paragraph --><\/p>\n<p><span style=\"text-decoration: underline;\">Dokumente:<\/span><\/p>\n<p><!-- \/wp:paragraph --><\/p>\n<p><!-- wp:html --><\/p>\n<p><a href=\"http:\/\/www.voea.at\/wp-content\/uploads\/2022\/05\/Empfehlungen_ISDAGG_ISDIAH_Scrinium_68-1.pdf\" target=\"_blank\" rel=\"noopener\">Erarbeitung von Umsetzungsrichtlinien f\u00fcr ISAD (G) und ISDIAH<\/a>, ver\u00f6ffentlicht in Scrinium 68 (2014)<br \/><a href=\"http:\/\/www.voea.at\/wp-content\/uploads\/2022\/05\/ISAAR-Leitfaden.pdf\" target=\"_blank\" rel=\"noopener\">Erarbeitung von Umsetzungsempfehlungen f\u00fcr ISAAR<\/a>, ver\u00f6ffentlicht in Scrinium 70 (2016)<\/p>\n<p><!-- \/wp:html --><\/p>\n<p><!-- wp:paragraph --><\/p>\n<p><!-- \/wp:paragraph --><\/p>\n<p><!-- wp:paragraph {\"align\":\"left\"} --><\/p>\n<p><span style=\"text-decoration: underline;\">Mitglieder der Arbeitsgruppe:<\/span><\/p>\n<p><!-- \/wp:paragraph --><\/p>\n<p><!-- wp:list --><\/p>\n<ul>\n<li style=\"list-style-type: none;\">\n<ul><!-- wp:list-item --><\/ul>\n<\/li>\n<\/ul>\n<ul>\n<li style=\"list-style-type: none;\">\n<ul>\n<li>Karin Sperl, Burgenl\u00e4ndisches Landesarchiv (Leitung)<\/li>\n<li>Clemens Andreasch, Vorarlberger Landesarchiv<\/li>\n<li>Susanne Fritsch-R\u00fcbsamen, Wiener Stadt- und Landesarchiv<\/li>\n<li>Susanne Fr\u00f6hlich, \u00d6sterreichisches Staatsarchiv<\/li>\n<li>Daniel Haberler-Maier, Stadtarchiv Krems<\/li>\n<li>Tamara Kefer, Stadtarchiv Graz<\/li>\n<li>Bernhard Mertelseder, Bildungsforum Tirol<\/li>\n<\/ul>\n<ul>\n<li>Nadja Kracijek-Seidl, Tiroler Landesarchiv<\/li>\n<li>Anouk Stephano, Wiener Stadt- und Landesarchiv<\/li>\n<\/ul>\n<\/li>\n<\/ul>\n<p><!-- \/wp:list-item --><\/p>\n<p><!-- wp:list-item --><\/p>\n<p>Kontakt zur AG: <span style=\"color: #0000ff;\">standards@voea.at<\/span><\/p>\n<p><!-- \/wp:paragraph --><\/p>\n<p><!-- wp:spacer {\"height\":\"60px\"} --><\/p>\n<div class=\"wp-block-spacer\" style=\"height: 60px;\" aria-hidden=\"true\">\u00a0<\/div>\n<p><!-- \/wp:spacer --><\/p>\n<p><!-- wp:html --><\/p>\n<div id=\"ag4\" style=\"position: absolute; margin: -105px;\">\u00a0<\/div>\n<div class=\"h-heading__outer style-224 style-local-34-c34\">\n<h4>AG \u00dcberlieferungsbildung und Bewertung<\/h4>\n<\/div>\n<p><!-- \/wp:html --><\/p>\n<p><!-- wp:paragraph --><\/p>\n<p>Die Arbeitsgruppe diskutiert Bewertungsfragen in \u00f6ffentlichen Archiven und will in diesem Bereich Erfahrungsaustausch erm\u00f6glichen. Sie f\u00f6rdert den gegenseitigen Austausch von Bewertungsentscheidungen, erarbeitet Archivierungsempfehlungen und praxisbezogene Handreichungen und widmet sich der Problematik bei der \u00dcberlieferung digitaler Unterlagen, mit Schwerpunkt auf inhaltliche Aspekte. Bei Bedarf werden weitere Expert*innen zu speziellen Sachthemen eingebunden.<\/p>\n<p><!-- \/wp:paragraph --><\/p>\n<p><!-- wp:paragraph --><\/p>\n<p><span style=\"text-decoration: underline;\">Dokumente<\/span>:<\/p>\n<p><!-- \/wp:paragraph --><\/p>\n<p><!-- wp:list --><\/p>\n<ul>\n<li style=\"list-style-type: none;\">\n<ul><!-- wp:list-item --><\/ul>\n<\/li>\n<\/ul>\n<p><a href=\"http:\/\/www.voea.at\/wp-content\/uploads\/2022\/05\/VOeAAGBewertung_Strafakten_SD74.pdf\" target=\"_blank\" rel=\"noopener\">Empfehlung zur Bewertung von Strafakten der Landesgerichte 1945\u20131974<\/a>, ver\u00f6ffentlicht in Scrinium 74 (2020).<br \/><a href=\"http:\/\/www.voea.at\/wp-content\/uploads\/2022\/11\/VOeAAGBewertung_Handreichung_2021.pdf\" target=\"_blank\" rel=\"noopener\">Handreichung zur Bewertung digitaler Unterlagen<\/a>, ver\u00f6ffentlicht in Scrinium 75 (2021).<\/p>\n<p><a href=\"http:\/\/www.voea.at\/wp-content\/uploads\/2023\/12\/VOeA-AG-Bewertung-Statements-zur-Aussonderung-von-Fachanwendungen-2023.pdf\" target=\"_blank\" rel=\"noopener\">Statements zur \u00dcbernahme von Unterlagen\/Daten aus elektronischen Fachanwendungen<\/a>, online seit Dezember 2023.<\/p>\n<p><!-- \/wp:list-item --><\/p>\n<p><!-- wp:list-item --><\/p>\n<p><!-- \/wp:paragraph --><\/p>\n<p><span style=\"text-decoration: underline;\">Mitglieder der Arbeitsgruppe:<\/span><\/p>\n<p><!-- \/wp:paragraph --><\/p>\n<p><!-- wp:list --><\/p>\n<ul>\n<li style=\"list-style-type: none;\">\n<ul><!-- wp:list-item --><\/ul>\n<\/li>\n<\/ul>\n<ul>\n<li style=\"list-style-type: none;\">\n<ul>\n<li>Brigitte Rigele, Wiener Stadt- und Landesarchiv (Leitung)<\/li>\n<li>Martin Ager, Tiroler Landesarchiv<\/li>\n<li>Katja Almberger, K\u00e4rntner Landesarchiv<\/li>\n<li>Stephanie Rosenkranz, Wiener Stadt- und Landesarchiv<\/li>\n<li>Elisabeth Sch\u00f6ggl-Ernst, Steierm\u00e4rkisches Landesarchiv<\/li>\n<\/ul>\n<\/li>\n<\/ul>\n<p><!-- \/wp:list-item --><\/p>\n<p><!-- \/wp:list --><\/p>\n<p><!-- wp:paragraph --><\/p>\n<p><!-- \/wp:paragraph --><\/p>\n<p><!-- wp:paragraph --><\/p>\n<p><!-- \/wp:paragraph --><\/p>\n<p><!-- \/wp:paragraph --><\/p>\n<p><!-- wp:spacer {\"height\":\"100px\"} --><\/p>\n<div class=\"wp-block-spacer\" style=\"height: 100px;\" aria-hidden=\"true\">Kontakt zur Arbeitsgruppe: <span style=\"color: #0000ff;\">bewertung@voea.at<\/span><\/div>\n<p><!-- \/wp:spacer --><\/p>\n<p><!-- wp:heading --><\/p>\n<h2>Aktuell ruhende Arbeitsgruppen<\/h2>\n<p><!-- \/wp:heading --><\/p>\n<p><!-- wp:spacer {\"height\":\"60px\"} --><\/p>\n<p><!-- \/wp:spacer --><\/p>\n<p><!-- wp:html --><\/p>\n<div id=\"ag5\" style=\"position: absolute; margin: -105px;\">\u00a0<\/div>\n<div class=\"h-heading__outer style-224 style-local-34-c34\">\n<h4>AG Archivnutzung und Geb\u00fchren<\/h4>\n<\/div>\n<p><!-- \/wp:html --><\/p>\n<p><!-- wp:paragraph --><\/p>\n<p>Der Ausgangspunkt der Arbeitsgruppe \u201eArchivnutzung und Geb\u00fchren\u201c war ein vom Wiener Stadt- und Landesarchiv veranstalteter Workshop \u201eArchivnutzung im Spannungsfeld \u2013 Servicegedanke versus Einnahmeorientierung\u201c am 03.12.2013 mit Teilnehmer*innen aus in- und ausl\u00e4ndischen Archiven. Anlass war die damals ver\u00f6ffentlichte Richtlinie 2013\/37\/EU des Europ\u00e4ischen Parlaments und des Europ\u00e4ischen Rates vom 26. Juni 2013 zur \u00c4nderung der Richtlinie 2003\/98\/EG \u00fcber die Weiterverwendung von Informationen des \u00f6ffentlichen Sektors (PSI-Richtlinie), der als nationale Gesetzgebung das Informationsweiterverwendungsgesetz (BGBl. I Nr. 135\/2005 und I Nr. 76\/2015 zuletzt ge\u00e4ndert mit BGBl. I Nr. 32\/2018) folgte. F\u00fcr die \u00f6sterreichischen Archive wurde der Bedarf einer m\u00f6glichst einheitlichen Regelung des Archivzugangs sowie allf\u00e4llig einzuhebender Geb\u00fchren erkannt.<\/p>\n<p><!-- \/wp:paragraph --><\/p>\n<p><!-- wp:paragraph --><\/p>\n<p>Durch stete legislative und organisatorische Ver\u00e4nderungen in der Archivlandschaft der letzten Jahre sowie steigender Anlassf\u00e4lle bei der t\u00e4glichen Archivarbeit konstituierte sich die AG am 04.12.2017 neu, mit dem Auftrag der Erarbeitung von Empfehlungen f\u00fcr die \u00f6sterreichischen Archivinstitutionen. Es wird nun seit 2019 ein Katalog an m\u00f6glichen Tarifen geboten, der Hilfestellung bei der Argumentation f\u00fcr oder gegen bestimmte Tarife gegen\u00fcber Politik, Verwaltung und den Benutzer*innen geben kann.<\/p>\n<p><!-- \/wp:paragraph --><\/p>\n<p><!-- wp:paragraph --><\/p>\n<p><span style=\"text-decoration: underline;\">Dokumente: <\/span><\/p>\n<p><!-- \/wp:paragraph --><\/p>\n<p><!-- wp:paragraph --><\/p>\n<p><a href=\"http:\/\/www.voea.at\/wp-content\/uploads\/2022\/05\/VOeALeitfadenNutzung-2019-1.pdf\" target=\"_blank\" rel=\"noopener\">Empfehlung Archivnutzung und Tarife<\/a>, ver\u00f6ffentlicht in Scrinium 73 (2019)<\/p>\n<p><!-- \/wp:paragraph --><\/p>\n<p><!-- wp:paragraph --><\/p>\n<p><!-- \/wp:paragraph --><\/p>\n<p><!-- wp:spacer {\"height\":\"20px\"} --><\/p>\n<div class=\"wp-block-spacer\" style=\"height: 20px;\" aria-hidden=\"true\">\u00a0<\/div>\n<p><!-- \/wp:spacer --><\/p>\n<p><!-- wp:paragraph --><\/p>\n<p><span style=\"text-decoration: underline;\">Mitglieder der Arbeitsgruppe:<\/span><\/p>\n<ul>\n<li style=\"list-style-type: none;\">\n<ul>\n<li>Michaela Laichmann, Wiener Stadt- und Landesarchiv (Leitung)<\/li>\n<li>Christoph Haidacher, Tiroler Landesarchiv<\/li>\n<li>Karin Sperl, Burgenl\u00e4ndisches Landesarchiv<\/li>\n<li>Pia Wallnig, \u00d6sterreichisches Staatsarchiv<\/li>\n<\/ul>\n<\/li>\n<li style=\"list-style-type: none;\">\n<p><!-- \/wp:spacer --><\/p>\n<p><!-- wp:html --><\/p>\n<h4>\u00a0<\/h4>\n<\/li>\n<\/ul>\n<div id=\"ag6\" style=\"position: absolute; margin: -105px;\">\u00a0<\/div>\n<div class=\"h-heading__outer style-224 style-local-34-c34\">\n<h4>AG Records Management<\/h4>\n<\/div>\n<p><!-- \/wp:html --><\/p>\n<p><!-- wp:paragraph --><\/p>\n<p>Bei der \u00dcbernahme von Schriftgut ins Archiv nimmt der so genannte \u201evorarchivische Bereich\u201c eine immer st\u00e4rkere Rolle im Arbeitsalltag von Archivarinnen und Archivaren ein. Die Verwaltung des anfallenden Schriftguts in den zu betreuenden Verwaltungseinheiten betrifft dabei nicht mehr nur den analogen, sondern in zunehmendem Ma\u00dfe auch den digitalen Bereich. Die Arbeitsgruppe \u201eRecords Management\u201c wurde zu diesem Zweck vom Vorstand des V\u00d6A beauftragt, einen Leitfaden f\u00fcr \u00f6sterreichische Archive auszuarbeiten, der im Bereich der Schriftgutverwaltung eine erste Orientierung bei der Bew\u00e4ltigung dieser Herausforderungen bieten soll. Neben organisatorischen und technischen Hilfestellungen umfasst der Leitfaden auch zu leistende Vorarbeiten f\u00fcr eine konstruktive Zusammenarbeit bei den abgebenden (Dienst-)Stellen und\/oder Verwaltungseinheiten.<\/p>\n<p><!-- \/wp:paragraph --><\/p>\n<p><!-- wp:paragraph --><\/p>\n<p><span style=\"text-decoration: underline;\">Dokumente:<\/span><\/p>\n<p><!-- \/wp:paragraph --><\/p>\n<p><!-- wp:paragraph --><\/p>\n<p><a href=\"http:\/\/www.voea.at\/wp-content\/uploads\/2022\/05\/Leitfaden-Records-Management-2017.pdf\" target=\"_blank\" rel=\"noopener\">Leitfaden Records Management<\/a>, ver\u00f6ffentlicht in Scrinium 72 (2018)<\/p>\n<p><!-- \/wp:paragraph --><\/p>\n<p><!-- wp:spacer {\"height\":\"20px\"} --><\/p>\n<div class=\"wp-block-spacer\" style=\"height: 20px;\" aria-hidden=\"true\">\u00a0<\/div>\n<p><!-- \/wp:spacer --><\/p>\n<p><!-- wp:paragraph --><\/p>\n<p><span style=\"text-decoration: underline;\">Mitglieder der Arbeitsgruppe:<\/span><\/p>\n<ul>\n<li style=\"list-style-type: none;\">\n<ul>\n<li>Markus Schmidgall, Vorarlberger Landesarchiv (Leitung)<\/li>\n<li>Christine M. Gigler, Archiv der Erzdi\u00f6zese Salzburg<\/li>\n<li>Barbara Kerb, Multimediales Archiv des ORF<\/li>\n<li>Juliane Mikoletzky, Archiv der Technischen Universit\u00e4t Wien<\/li>\n<li>Karin Sperl, Burgenl\u00e4ndisches Landesarchiv<\/li>\n<\/ul>\n<\/li>\n<\/ul>\n<p><!-- \/wp:spacer --><\/p>\n<p><!-- wp:html --><\/p>\n<p><!-- \/wp:spacer --><\/p>\n<p><!-- wp:heading --><\/p>\n<h2>\u00a0<\/h2>\n<p><!-- \/wp:paragraph --><\/p>\n<p><!-- wp:paragraph --><\/p>\n<p><!-- \/wp:paragraph --><\/p>\n<p><!-- wp:spacer {\"height\":\"20px\"} --><\/p>\n<div class=\"wp-block-spacer\" style=\"height: 20px;\" aria-hidden=\"true\">\u00a0<\/div>\n<p><!-- wp:paragraph --><\/p>\n<p><!-- \/wp:paragraph --><\/p>\n<p><!-- wp:paragraph --><\/p>\n<p><!-- \/wp:paragraph --><\/p>\n<p><!-- wp:paragraph --><\/p>\n<p><!-- \/wp:paragraph --><\/p>\n<p><!-- wp:spacer {\"height\":\"20px\"} --><\/p>\n<div class=\"wp-block-spacer\" style=\"height: 20px;\" aria-hidden=\"true\">\u00a0<\/div>\n<p><!-- \/wp:spacer --><\/p>\n<p><!-- wp:spacer {\"height\":\"20px\"} --><\/p>\n<div class=\"wp-block-spacer\" style=\"height: 20px;\" aria-hidden=\"true\">\u00a0<\/div>\n<p><!-- \/wp:spacer --><\/p>","protected":false},"excerpt":{"rendered":"<p>Der Vorstand des V\u00d6A kann gem\u00e4\u00df \u00a7&nbsp;15 Z.&nbsp;10 des Verbandsstatuts zur Erledigung bestimmter Spezialaufgaben Kommissionen einsetzen, der auch vorstandsfremde Verbandsmitglieder angeh\u00f6ren k\u00f6nnen. Folgende Arbeitsgruppen setzte der V\u00d6A bis dato ein: AG Digitale Archivierung AG Aus- und Weiterbildung AG Standards und Normen AG \u00dcberlieferungsbildung und Bewertung AG Archivnutzung und Geb\u00fchren AG Recordsmanagement Da wir immer auf [&hellip;]<\/p>\n","protected":false},"author":1,"featured_media":0,"parent":0,"menu_order":0,"comment_status":"closed","ping_status":"closed","template":"","meta":{"footnotes":""},"class_list":["post-1142","page","type-page","status-publish","hentry"],"publishpress_future_action":{"enabled":false,"date":"2026-04-30 14:26:22","action":"change-status","newStatus":"draft","terms":[],"taxonomy":"","extraData":[]},"publishpress_future_workflow_manual_trigger":{"enabledWorkflows":[]},"_links":{"self":[{"href":"https:\/\/www.voea.at\/index.php\/wp-json\/wp\/v2\/pages\/1142","targetHints":{"allow":["GET"]}}],"collection":[{"href":"https:\/\/www.voea.at\/index.php\/wp-json\/wp\/v2\/pages"}],"about":[{"href":"https:\/\/www.voea.at\/index.php\/wp-json\/wp\/v2\/types\/page"}],"author":[{"embeddable":true,"href":"https:\/\/www.voea.at\/index.php\/wp-json\/wp\/v2\/users\/1"}],"replies":[{"embeddable":true,"href":"https:\/\/www.voea.at\/index.php\/wp-json\/wp\/v2\/comments?post=1142"}],"version-history":[{"count":0,"href":"https:\/\/www.voea.at\/index.php\/wp-json\/wp\/v2\/pages\/1142\/revisions"}],"wp:attachment":[{"href":"https:\/\/www.voea.at\/index.php\/wp-json\/wp\/v2\/media?parent=1142"}],"curies":[{"name":"wp","href":"https:\/\/api.w.org\/{rel}","templated":true}]}}