{"id":1138,"date":"2021-08-11T15:32:14","date_gmt":"2021-08-11T15:32:14","guid":{"rendered":"http:\/\/www.voea.at\/?page_id=1138"},"modified":"2026-02-26T09:10:33","modified_gmt":"2026-02-26T09:10:33","slug":"fachgruppen","status":"publish","type":"page","link":"https:\/\/www.voea.at\/index.php\/fachgruppen\/","title":{"rendered":"Fachgruppen"},"content":{"rendered":"\n<p>Innerhalb des V\u00d6A gibt es drei Fachgruppen nach Archivsparten:<\/p>\n\n\n\n<div class=\"wp-block-group\"><div class=\"wp-block-group__inner-container is-layout-flow wp-block-group-is-layout-flow\">\n<ul id=\"block-f05527c3-c43c-4ad9-a466-cd8208eee44d\"><li>\n<a href=\"#fg1\">Fachgruppe der Archive der anerkannten Kirchen und Religionsgemeinschaften<\/a><\/li>\n<li>\n<a href=\"#fg2\">Fachgruppe der Universit\u00e4ts- und Wissenschaftsarchive<\/a><\/li>\n<li><a href=\"#fg3\">Fachgruppe Wirtschaftsarchive<\/a>\n<\/li><\/ul>\n<\/div><\/div>\n\n\n\n<p><\/p>\n\n\n\n<p>Ziele der Fachgruppen sind die Vernetzung der oft ohne viel Unterst\u00fctzung im eigenen Haus arbeitenden Archivar*innen eines jeweiligen engeren Fachbereichs, die St\u00e4rkung der fachlichen Diskussion zur Er\u00f6rterung und L\u00f6sung gleichartiger Probleme sowie die Intensivierung der Kooperation innerhalb der jeweiligen Sparte. Die Fachgruppen w\u00e4hlen ihre Vorsitzenden, wobei die Funktionsperioden mit jener des V\u00d6A-Vorstandes abgestimmt sind, und f\u00fchren eigene Veranstaltungen durch. Sie sind im Vorstand des V\u00d6A vertreten und berichten j\u00e4hrlich \u00fcber ihre T\u00e4tigkeit.  <\/p>\n\n\n\n<p>F\u00fcr die Mitgliedschaft in einer Fachgruppe ist die gleichzeitige ad-personam-Mitgliedschaft im V\u00d6A Voraussetzung. Die Zuweisung zu einer Fachgruppe erfolgt dabei automatisch anhand des jeweils eigenen Archivs.<\/p>\n\n\n\n<h3 id=\"fg1\"><\/h3>\n<br>\n<br>\n<br>\n<br>\n<br>\n<h3>Fachgruppe der Archive der anerkannten Kirchen und Religionsgemeinschaften<\/h3>\n\n\n\n<div style=\"height:20px\" aria-hidden=\"true\" class=\"wp-block-spacer\"><\/div>\n\n\n\n<p>Die konstituierende Sitzung der Fachgruppe der \u201eKirchlichen Archive\u201c fand am 8. November 2007 in Graz statt. Bei dieser Zusammenkunft erfolgte die Umbenennung in \u201eFachgruppe der Archive der anerkannten Kirchen und Religionsgemeinschaften\u201c. Die Fachgruppe arbeitet eng mit der <a rel=\"noreferrer noopener\" href=\"http:\/\/www.kirchenarchive.at\/\" target=\"_blank\">Arbeitsgemeinschaft der Di\u00f6zesanarchive<\/a>, der <a rel=\"noreferrer noopener\" href=\"https:\/\/www.ordensgemeinschaften.at\/kultur\/fachbereiche\/1324-archive\" target=\"_blank\">Arbeitsgemeinschaft der Ordensarchive<\/a> und dem <a rel=\"noreferrer noopener\" href=\"https:\/\/www.ordensgemeinschaften.at\/kultur\/\" target=\"_blank\">Bereich Kultur und Dokumentation der \u00d6sterreichischen Ordenskonferenz<\/a> zusammen.<br><\/p>\n\n\n\n<p><span style=\"text-decoration: underline;\">Sprecher*innen der Fachgruppe<\/span><\/p>\n\n\n\n<ul class=\"wp-block-list\">\n<li>2006\u20132007: Kerstin Lengger, Archiv der Erzdi\u00f6zese Salzburg (interimistisch)<\/li>\n\n\n\n<li>2007\u20132009: Thomas Aigner, Di\u00f6zesanarchiv St. P\u00f6lten<\/li>\n\n\n\n<li>2009\u20132013: Michael Fliri, Archiv der Di\u00f6zese Feldkirch<\/li>\n\n\n\n<li>2013\u20132017: Christine M. Gigler, Archiv der Erzdi\u00f6zese Salzburg<\/li>\n\n\n\n<li>2018\u20132021: Magdalena Egger, Di\u00f6zesanarchiv Linz<\/li>\n\n\n\n<li>seit 2022: Lukas Winder, Provinzarchiv Sacr\u00e9 C\u0153ur Wien<\/li>\n<\/ul>\n\n\n\n<p><span style=\"text-decoration: underline;\">Stellvertretung<\/span><\/p>\n\n\n\n<ul class=\"wp-block-list\">\n<li>2006-2017: Waltraud Stangl, Archiv der Evangelischen Kirche in \u00d6sterreich<\/li>\n\n\n\n<li>seit 2018: Johannes Leitner, Archiv der Evangelischen Kirche in \u00d6sterreich<\/li>\n<\/ul>\n\n\n\n<div style=\"height:20px\" aria-hidden=\"true\" class=\"wp-block-spacer\"><\/div>\n\n\n\n<p><span style=\"text-decoration: underline;\">Organisationsteam f\u00fcr die Studientage<\/span><\/p>\n\n\n\n<ul class=\"wp-block-list\">\n<li>Lukas Winder, Zentraleurop\u00e4isches (CEU) Provinzarchiv des Sacr\u00e9 Coeur<\/li>\n\n\n\n<li>Johannes Leitner, Archiv der Evangelischen Kirche in \u00d6sterreich<\/li>\n\n\n\n<li>Iris Fichtinger, Referentin f\u00fcr Archive im Bereich Kultur und Dokumentation der \u00d6sterreichischen Ordenskonferenz<\/li>\n\n\n\n<li>Maria Sonnleithner, Archiv der Evangelisch-Methodistischen Kirche in \u00d6sterreich<\/li>\n\n\n\n<li>Leonhard Baumgartl, Di\u00f6zesanarchiv Linz<\/li>\n<\/ul>\n\n\n\n<p>Kontakt zur Fachgruppe: <a href=\"mailto:kirchenarchive@voea.at\" target=\"_blank\" rel=\"noreferrer noopener\">kirchenarchive@voea.at<\/a><\/p>\n\n\n\n<div style=\"height:20px\" aria-hidden=\"true\" class=\"wp-block-spacer\"><\/div>\n\n\n\n<p><strong>Studientage<\/strong><\/p>\n\n\n\n<p>Die Mitglieder der Fachgruppe treffen sich entweder im Rahmen der \u00d6sterreichischen Archivtage oder anl\u00e4sslich eigener Studientage. Letztere Informations- und Fortbildungsveranstaltungen werden seit 2012 j\u00e4hrlich zu aktuellen Fragestellungen in Salzburg durchgef\u00fchrt und stehen auch Nichtmitgliedern offen. Tagungsberichte werden im \u201e<a href=\"https:\/\/www.voea.at\/index.php\/scrinium\/\" data-type=\"page\" data-id=\"1163\">Scrinium<\/a>\u201c, Schriftfassungen der Vortr\u00e4ge teilweise in den <a rel=\"noreferrer noopener\" href=\"https:\/\/www.ordensgemeinschaften.at\/kultur\/e-journal\" target=\"_blank\">Mitteilungen f\u00fcr die Kulturg\u00fcter der Orden<\/a> ver\u00f6ffentlicht. Informationen zum jeweils aktuellen Studientag finden Sie unter <a href=\"https:\/\/www.voea.at\/\" data-type=\"page\" data-id=\"34\">Aktuelles<\/a>.<\/p>\n\n\n\n<p>Bisher wurden folgende Themen behandelt:<\/p>\n\n\n\n<ul class=\"wp-block-list\">\n<li>2012: Das Leitbild kirchlicher Archivarinnen und Archivare<\/li>\n\n\n\n<li>2013: Records Management<\/li>\n\n\n\n<li>2014: Rechtsfragen im Archiv<\/li>\n\n\n\n<li>2015: Digitale Archivierung<\/li>\n\n\n\n<li>2016: <a rel=\"noreferrer noopener\" href=\"http:\/\/www.voea.at\/wp-content\/uploads\/2022\/05\/2016mirko_kefer.pdf\" target=\"_blank\">Bewertung analog<\/a> und <a rel=\"noreferrer noopener\" href=\"http:\/\/www.voea.at\/wp-content\/uploads\/2022\/05\/Studientag_Bewertung_Froehlich_25.1.2016.pdf\" target=\"_blank\">digital<\/a><\/li>\n\n\n\n<li>2017: Best Practices im Archiv &#8211; <a rel=\"noreferrer noopener\" href=\"http:\/\/www.voea.at\/wp-content\/uploads\/2022\/05\/MiRKO_02_trofaier.pdf\" target=\"_blank\">MiRKO-Beitrag<\/a><\/li>\n\n\n\n<li>2018: Wirtschaftsunterlagen und Datenschutz &#8211; <a rel=\"noreferrer noopener\" href=\"http:\/\/www.voea.at\/wp-content\/uploads\/2022\/05\/2018mirko_17-24_dirninger.pdf\" target=\"_blank\">MiRKO-Beitrag<\/a><\/li>\n\n\n\n<li>2019: <a href=\"http:\/\/www.voea.at\/wp-content\/uploads\/2022\/05\/studientag_2019_final.pdf\" target=\"_blank\" rel=\"noreferrer noopener\">Schrift.Gut.Verwaltet<\/a> \u2013 Records Management und Digitale (Langzeit-)Archivierung &#8211; <a href=\"http:\/\/www.voea.at\/wp-content\/uploads\/2022\/05\/bericht_studientag_2019.pdf\" target=\"_blank\" rel=\"noreferrer noopener\">Scrinium-Beitrag<\/a><\/li>\n\n\n\n<li>2020: <a rel=\"noreferrer noopener\" href=\"http:\/\/www.voea.at\/wp-content\/uploads\/2022\/05\/studientag_2020_web.pdf\" target=\"_blank\">Erste Hilfe f\u00fcr das Archiv<\/a> &#8211; <a rel=\"noreferrer noopener\" href=\"http:\/\/www.voea.at\/wp-content\/uploads\/2022\/05\/voea_scrinium_studientag_2020.pdf\" target=\"_blank\">Scrinium-Beitrag<\/a><\/li>\n\n\n\n<li>2021: <a rel=\"noreferrer noopener\" href=\"http:\/\/www.voea.at\/wp-content\/uploads\/2022\/05\/studientag-2021_web.pdf\" target=\"_blank\">Bildbest\u00e4nde im Spannungsfeld von \u00d6ffentlichkeit und Recht<\/a> &#8211; <a rel=\"noreferrer noopener\" href=\"http:\/\/www.voea.at\/wp-content\/uploads\/2022\/05\/EggerHoedlNWinderBericht2021.pdf\" target=\"_blank\">Scrinium-Beitrag<\/a><\/li>\n\n\n\n<li>2022: <a href=\"http:\/\/www.voea.at\/wp-content\/uploads\/2022\/05\/Folder_Studientag_2022.pdf\">15 Jahre Fachgruppe &#8211; Kontinuit\u00e4ten und Umbr\u00fcche im Archivwesen<\/a> &#8211; <a href=\"https:\/\/www.voea.at\/wp-content\/uploads\/2024\/02\/Scrinium_2022_StudientagBericht.pdf\" data-type=\"attachment\" data-id=\"3716\" target=\"_blank\" rel=\"noreferrer noopener\">Scrinium<\/a><a href=\"https:\/\/www.voea.at\/wp-content\/uploads\/2024\/02\/Scrinium_2022_StudientagBericht.pdf\" data-type=\"attachment\" data-id=\"3716\">-Beitrag<\/a><\/li>\n\n\n\n<li>2023: <a href=\"http:\/\/www.voea.at\/wp-content\/uploads\/2024\/03\/studientag_2023.pdf\">W\u00fcrdig f\u00fcr das Archiv? Bewertung und \u00dcberlieferungsbildung in kirchlichen Archiven<\/a> &#8211;  <a href=\"https:\/\/www.voea.at\/wp-content\/uploads\/2024\/02\/Scrinium_2023_StudientagBericht.pdf\" data-type=\"attachment\" data-id=\"3714\" target=\"_blank\" rel=\"noreferrer noopener\">Scrinium-Beitrag<\/a> <\/li>\n\n\n\n<li>2024: Das wohlerschlossene Archiv. Bew\u00e4hrte und neue Methoden der archivischen Erschlie\u00dfung &#8211; <a href=\"https:\/\/www.voea.at\/wp-content\/uploads\/2024\/02\/studientag_2024_flyer.pdf\" data-type=\"attachment\" data-id=\"3715\" target=\"_blank\" rel=\"noreferrer noopener\">Programm<\/a>, <a href=\"https:\/\/www.ordensgemeinschaften.at\/8241\/gut-archiviert-ist-schnell-gefunden\" data-type=\"link\" data-id=\"https:\/\/www.ordensgemeinschaften.at\/8241\/gut-archiviert-ist-schnell-gefunden\" target=\"_blank\" rel=\"noreferrer noopener\">Nachlese Ordenskonferenz,<\/a> <a href=\"https:\/\/www.voea.at\/wp-content\/uploads\/2025\/03\/Scrinium-78_2024-Bericht-Studientag-2024.pdf\" data-type=\"attachment\" data-id=\"4365\" target=\"_blank\" rel=\"noreferrer noopener\">Scrinium-Beitrag<\/a><\/li>\n\n\n\n<li>2025: Besonderes. Vom Umgang mit archivalischen Spezialit\u00e4ten &#8211; <a href=\"https:\/\/www.voea.at\/wp-content\/uploads\/2024\/12\/2025_studientag_flyer.pdf\" data-type=\"attachment\" data-id=\"4306\" target=\"_blank\" rel=\"noreferrer noopener\">Programm<\/a>, <a href=\"https:\/\/www.ordensgemeinschaften.at\/9100\/studientag-archive-widmete-sich-dem-umgang-mit-dem-besonderen&amp;ts=1738235326085\" target=\"_blank\" rel=\"noreferrer noopener\">Nachlese Ordenskonferenz<\/a><\/li>\n\n\n\n<li>2026: Forschen willkommen! &#8211; Zug\u00e4nge zum Archiv gestalten &#8211; <a href=\"http:\/\/www.voea.at\/wp-content\/uploads\/2025\/12\/studientag_2026.pdf\" target=\"_blank\" rel=\"noreferrer noopener\">Programm<\/a>, <a href=\"https:\/\/www.ordensgemeinschaften.at\/9979\/studientag-zugaenge-zum-archiv-im-fokus&amp;ts=1772051899539\" target=\"_blank\" rel=\"noreferrer noopener\">Nachlese Ordenskonferenz<\/a><\/li>\n<\/ul>\n\n\n\n<div style=\"height:20px\" aria-hidden=\"true\" class=\"wp-block-spacer\"><\/div>\n\n\n\n<p><strong>Studientag 2026 &#8211; Nachlese:<\/strong><\/p>\n\n\n\n<p>Daniel Haberler-Maier, <a href=\"http:\/\/www.voea.at\/wp-content\/uploads\/2026\/02\/Studientag_2026_Haberler-Maier.pdf\" target=\"_blank\" rel=\"noreferrer noopener\">\u00d6ffnet euch! Archivische Aufgaben zwischen Zug\u00e4nglichkeit und \u00d6ffentlichkeitsarbeit<\/a><\/p>\n\n\n\n<p>Herwig Mitter, <a href=\"http:\/\/www.voea.at\/wp-content\/uploads\/2026\/02\/Studientag_2026_Mitter.pdf\" target=\"_blank\" rel=\"noreferrer noopener\">Zugang zu Kirchen- und Religionsarchiven aus der Sicht des Rechts<\/a><\/p>\n\n\n\n<p>Maximilian Alexander Trofaier &#8211; <a href=\"http:\/\/www.voea.at\/wp-content\/uploads\/2026\/02\/Studientag2026_Trofaier.pdf\" target=\"_blank\" rel=\"noreferrer noopener\">Archivordnung und Benutzungsordnung in Ordensarchiven<\/a><\/p>\n\n\n\n<p>Bernhard Mertelseder &#8211; <a href=\"http:\/\/www.voea.at\/wp-content\/uploads\/2026\/02\/Studientag2026_Mertelseder.pdf\" target=\"_blank\" rel=\"noreferrer noopener\">Was genealogisch Forschende von Archiven eigentlich w\u00fcnschen<\/a><\/p>\n\n\n\n<div style=\"height:34px\" aria-hidden=\"true\" class=\"wp-block-spacer\"><\/div>\n\n\n\n<p class=\"has-small-font-size\"><\/p>\n\n\n\n<h3 id=\"fg2\"><\/h3>\n<br>\n<br>\n<br>\n<br>\n<br>\n<h3>Fachgruppe der Universit\u00e4ts- und Wissenschaftsarchive<\/h3>\n\n\n\n<div style=\"height:20px\" aria-hidden=\"true\" class=\"wp-block-spacer\"><\/div>\n\n\n\n<p>Die \u201eFachgruppe der Archivar*innen an Universit\u00e4ten und wissenschaftlichen Einrichtungen\u201c wurde im Mai 2008 gegr\u00fcndet. Damit erfolgte die Formalisierung eines schon seit Anfang der 1990er-Jahre bestehenden losen Verbundes der Archive an \u00f6sterreichischen Universit\u00e4ten, Museen und anderen wissenschaftlichen Forschungseinrichtungen, der in unregelm\u00e4\u00dfigen Abst\u00e4nden Arbeitstreffen von Universit\u00e4tsarchivar*innen veranstaltet hatte, auf denen fachliche Fragestellungen er\u00f6rtert und Erfahrungen und Informationen ausgetauscht wurden. Dadurch sollte nicht zuletzt eine bessere Sichtbarkeit und Ansprechbarkeit dieser Gruppe von Spezialarchiven nach au\u00dfen hin bewirkt werden, die auch Kooperationen \u00fcber die nationalen Grenzen hinweg erleichtern sollte. Im Rahmen der Generalversammlung 2023 wurde die Fachgruppe in &#8222;Fachgruppe der Universit\u00e4ts- und Wissenschaftsarchive&#8220; umbenannt. <\/p>\n\n\n\n<p><\/p>\n\n\n\n<p><span style=\"text-decoration: underline;\">Sprecher*innen der Fachgruppe<\/span><\/p>\n\n\n\n<ul class=\"wp-block-list\">\n<li>2008\u20132017: Juliane Mikoletzky, Archiv der Technischen Universit\u00e4t Wien<\/li>\n\n\n\n<li>2017\u20132021: Thomas Maisel, Archiv der Universit\u00e4t Wien<\/li>\n\n\n\n<li>seit 2021: Nina Knieling, Archiv der Universit\u00e4t Wien<\/li>\n<\/ul>\n\n\n\n<p><span style=\"text-decoration: underline;\">Stellvertretender Vorsitz: <\/span><\/p>\n\n\n\n<ul class=\"wp-block-list\">\n<li>seit 2021: Alexandra Wieser, Archiv der Technischen Universit\u00e4t Wien.<\/li>\n<\/ul>\n\n\n\n<p>Kontakt zur Fachgruppe: <a href=\"mailto:nina.knieling@univie.ac.at\" target=\"_blank\" rel=\"noreferrer noopener\">nina.knieling@univie.ac.at<\/a><\/p>\n\n\n\n<div style=\"height:20px\" aria-hidden=\"true\" class=\"wp-block-spacer\"><\/div>\n\n\n\n<p><strong>Fachtagungen<\/strong><\/p>\n\n\n\n<p>Die Mitglieder der Fachgruppe treffen sich entweder im Rahmen der \u00d6sterreichischen Archivtage oder anl\u00e4sslich eigener Fachtagungen. In erster Linie werden j\u00e4hrliche Tagungen zu wechselnden Themen veranstaltet. 2013 wurde diese \u201eFr\u00fchjahrstagung\u201c erstmals gemeinsam mit den Kolleg*innen aus Deutschland und Tschechien in Prag abgehalten. Diese Art der Drei-L\u00e4nder-Tagung wurde im April 2017 in Wien wiederholt. Lokal gibt es zwischen den Tagungen informelle Treffen zwischen den \u00f6rtlichen Universit\u00e4ts- und Wissenschaftsarchiven, insbesondere an den Universit\u00e4tsstandorten Graz und Wien (\u201eStammtische\u201c). \u00dcber eine eigene Mailing-Liste wird das kommunikative Netzwerk gest\u00e4rkt, Tagungsberichte werden im \u201e<a href=\"https:\/\/www.voea.at\/index.php\/scrinium\/\" data-type=\"page\" data-id=\"1163\">Scrinium<\/a>\u201c ver\u00f6ffentlicht. Informationen zur jeweils aktuellen Fr\u00fchjahrstagung finden Sie unter <a href=\"https:\/\/www.voea.at\/\" data-type=\"page\" data-id=\"34\">Aktuelles<\/a>.<\/p>\n\n\n\n<p>Bisher wurden folgende Themen behandelt:<\/p>\n\n\n\n<p><\/p>\n\n\n\n<ul class=\"wp-block-list\">\n<li>2009: Die Positionierung des Archivs innerhalb der eigenen Organisation<\/li>\n\n\n\n<li>2010: Der Umgang mit Nachl\u00e4ssen in Archiven von Universit\u00e4ten und wissenschaftl. Einrichtungen<\/li>\n\n\n\n<li>2011: Profilbildung in Archiven wissenschaftlicher Einrichtungen <\/li>\n\n\n\n<li>2012: Schritftgutverwaltung\/Records Management in Universit\u00e4tsarchiven<\/li>\n\n\n\n<li>2013: Archive im Verbund, Netzwerke und Kooperationen (Dreil\u00e4ndertagung)<\/li>\n\n\n\n<li>2014: Rechtsfragen im Archiv<\/li>\n\n\n\n<li>2015: Archive und Bibliotheken im 21. Jahrhundert &#8211; Perspektiven, Strategien, Kooperationen<\/li>\n\n\n\n<li>2016: Erschlie\u00dfung neuer Ressourcen f\u00fcr Archive wissenschaftl. Einrichtungen<\/li>\n\n\n\n<li>2017: Normen und Ethos (Dreil\u00e4ndertagung)<\/li>\n\n\n\n<li>2018: Archive und Geschichtspolitik<\/li>\n\n\n\n<li>2019: Neue Archive und (Er-)Neuerungen in Archiven wissenschaftl. Einrichtungen<\/li>\n\n\n\n<li>2020: <em>nicht stattgefunden<\/em><\/li>\n\n\n\n<li>2021: <em>nicht stattgefunden<\/em><\/li>\n\n\n\n<li>2022: Bewertung &#8211; Eine Kernaufgabe im Archiv (Dreil\u00e4ndertagung)<\/li>\n\n\n\n<li>2023: Records Management und Digitale Archivierung &#8211; <a href=\"https:\/\/www.voea.at\/wp-content\/uploads\/2023\/06\/Fruehjahrstagung_2023_2.pdf\" data-type=\"attachment\" data-id=\"3240\">Programm<\/a><\/li>\n\n\n\n<li>2024: Rechtsfragen in Wissenschaftsarchiven &#8211; <a href=\"https:\/\/www.voea.at\/wp-content\/uploads\/2024\/02\/Programm_Fruehjahrstagung-Uniarchive.pdf\" data-type=\"attachment\" data-id=\"3718\" target=\"_blank\" rel=\"noreferrer noopener\">Programm<\/a><\/li>\n\n\n\n<li>2025: Nachl\u00e4sse und KI im Archiv &#8211; <a href=\"https:\/\/www.voea.at\/wp-content\/uploads\/2025\/03\/Fruehjahrstagung-2025-online.pdf\" data-type=\"attachment\" data-id=\"4374\" target=\"_blank\" rel=\"noreferrer noopener\">Programm<\/a><\/li>\n<\/ul>\n\n\n\n<ul class=\"wp-block-list\">\n<li><em>2026: Dreil\u00e4ndertagung 16. und 18. M\u00e4rz 2026, Prag &#8211; Save the Date!<\/em><\/li>\n<\/ul>\n\n\n\n<div style=\"height:20px\" aria-hidden=\"true\" class=\"wp-block-spacer\"><\/div>\n\n\n\n<p><\/p>\n\n\n\n<h3 id=\"fg3\"><\/h3>\n<br>\n<br>\n<br>\n<br>\n<br>\n<h3>Fachgruppe Wirtschaftsarchive<\/h3>\n\n\n\n<p>Die im Dezember 2022 gegr\u00fcndete Fachgruppe Wirtschaftsarchive umfasst im weiteren Sinn Unternehmensarchive, Archive von Wirtschaftsverb\u00e4nden (Kammern) sowie von der Wirtschaft getragene Archive. Einer steigenden Zahl an Wirtschaftsarchivar*innen steht eine vergleichsweise schwach ausgepr\u00e4gte gesetzliche und institutionelle Grundlage gegen\u00fcber. Sofern Wirtschafts- bzw. Unternehmensarchive nicht in den Geltungsbereich von Archivgesetzen oder besonderen gesetzlichen Bestimmungen fallen, handelt es sich um freiwillige Einrichtungen (Privatarchive). Wirtschaftsarchivar*innen sind deshalb mit vergleichsweise instabilen und wechselnden Rahmenbedingungen konfrontiert.<\/p>\n\n\n\n<p>Die Fachgruppe Wirtschaftsarchive dient in erster Linie der Vernetzung und dem Austausch von Know-how. Ebenso wichtig ist die Verbesserung der Sichtbarkeit der Wirtschaftsarchive in ihren Unternehmen bzw. gegen\u00fcber ihren Archivtr\u00e4gern. Die Repr\u00e4sentation der Wirtschaftsarchive im V\u00d6A soll zudem auf spezielle Ausbildungsbed\u00fcrfnisse hinweisen und insgesamt eine h\u00f6here Wertsch\u00e4tzung erreichen. Ein weiteres Anliegen der Fachgruppe ist die Erhaltung des h\u00e4ufiger von Vernichtung bedrohten wirtschaftshistorischen Schriftguts f\u00fcr k\u00fcnftige Generationen.<\/p>\n\n\n\n<p><\/p>\n\n\n\n<p><span style=\"text-decoration: underline;\">Sprecher der Fachgruppe<\/span><\/p>\n\n\n\n<ul class=\"wp-block-list\">\n<li>seit 2022: Gerhard Siegl, Wirtschaftsarchiv Vorarlberg<\/li>\n<\/ul>\n\n\n\n<p><\/p>\n\n\n\n<p><span style=\"text-decoration: underline;\">Organisationsteam<\/span><\/p>\n\n\n\n<ul class=\"wp-block-list\">\n<li>Rita Tezzele, Archiv der Wirtschaftskammer \u00d6sterreich<\/li>\n\n\n\n<li>Marta Riess, Archiv der Atomenergiebeh\u00f6rde IAEA<\/li>\n\n\n\n<li>Elisabeth Lukas, Erste Bank Archiv<\/li>\n\n\n\n<li>Max Neuhold, Archiv der EVN<\/li>\n\n\n\n<li>Martin St\u00fcrzlinger, Archiversum<\/li>\n<\/ul>\n\n\n\n<p>Kontakt zur Fachgruppe: <a href=\"mailto:wirtschaftsarchive@voea.at\" target=\"_blank\" rel=\"noreferrer noopener\">wirtschaftsarchive@voea.at<\/a><\/p>\n\n\n\n<div style=\"height:40px\" aria-hidden=\"true\" class=\"wp-block-spacer\"><\/div>\n\n\n\n<p><strong>Fachtagungen<\/strong><\/p>\n\n\n\n<p>Die Mitglieder der Fachgruppe treffen sich entweder im Rahmen der \u00d6sterreichischen Archivtage oder monatlich online in Jour fixe-Sitzungen. Die Fachgruppe f\u00fchrt Beratungst\u00e4tigkeit f\u00fcr \u00f6sterreichische Unternehmen und Wirtschaftsarchive durch.<\/p>\n\n\n\n<p>\u2022 2024: Tagung \u201eWirtschafts- und Unternehmensarchive&#8220; &#8211; Grazer Wirtschaftshistorische Dialoge VIII<\/p>\n\n\n\n<div style=\"height:120px\" aria-hidden=\"true\" class=\"wp-block-spacer\"><\/div>\n\n\n\n<h3>\u00d6sterreichischer Arbeitskreis der Kommunalarchivar*innen<\/h3>\n\n\n\n<p>Der Arbeitskreis wurde 1996 im Rahmen des \u00d6sterreichischen St\u00e4dtebundes gegr\u00fcndet und ist eine Interessengemeinschaft der Kommunalarchivar*innen und Kommunalarchive \u00d6sterreichs. Sein Ziel ist es, in einer breiten \u00d6ffentlichkeit das Bewusstsein f\u00fcr die Bedeutung der Kommunalarchive als Wissensspeicher f\u00fcr St\u00e4dte und Gemeinden zu verankern. Der Arbeitskreis f\u00f6rdert die Aus- und Weiterbildung der Mitglieder sowie den Informationsaustausch mit Fachkolleg*innen, Kund*innen und Verwaltungsexpert*innen im In- und Ausland. Dabei stehen M\u00f6glichkeiten, Chancen und Risken f\u00fcr die Weiterentwicklung der Kommunalarchive in ihrer Aufgabe als Dienstleitungseinrichtungen f\u00fcr Verwaltung und Geschichtsforschung im Mittelpunkt. In j\u00e4hrlichen Tagungen werden Aspekte der Archivwissenschaft, aber auch die Anforderungen, die sich aus Informationstechnologie, Verwaltungsmodernisierung, Kundenorientierung und Kostenreduktion im \u00f6ffentlichen Dienst ergeben, diskutiert. Der Arbeitskreis der Kommunalarchivar*innen ist im <a href=\"https:\/\/www.staedtebund.gv.at\/\" target=\"_blank\" rel=\"noreferrer noopener\">\u00d6sterreichischen St\u00e4dtebund<\/a> konstituiert, steht aber im engen Austausch mit dem V\u00d6A.<\/p>\n\n\n\n<p><span style=\"text-decoration: underline;\">Vorsitzende des Arbeitskreises<\/span><\/p>\n\n\n\n<ul class=\"wp-block-list\">\n<li>1996\u20132002: Fritz Mayrhofer, Archiv der Stadt Linz.<\/li>\n\n\n\n<li>2002\u20132008: Werner Matt, Stadtarchiv Dornbirn.<\/li>\n\n\n\n<li>2008\u20132014: Peter F. Kramml, Stadtarchiv Salzburg.<\/li>\n\n\n\n<li>2014\u20132024: Brigitte Rigele, Wiener Stadt- und Landesarchiv<\/li>\n\n\n\n<li>seit 2024: Wolfram Dornik, Stadtarchiv Graz<\/li>\n<\/ul>\n\n\n\n<div style=\"height:40px\" aria-hidden=\"true\" class=\"wp-block-spacer\"><\/div>\n\n\n\n<p><strong>Fachtagungen<\/strong><\/p>\n\n\n\n<ul class=\"wp-block-list\">\n<li>2006: &#8222;Au\u00dfenwirkung von Kommunalarchiven, 21. \u2013 22. April 2006, Perchtoldsdorf<\/li>\n\n\n\n<li>2007: 27. \u2013 28. April 2007, Spittal an der Drau<\/li>\n\n\n\n<li>2008: &#8222;Ein Stadtarchiv als Haus der Stadtgeschichte \u2013 Anforderungen an die Bestandserhaltung heute&#8220;, 25.\u2013 26. April 2008, Salzburg<\/li>\n\n\n\n<li>2009: &#8222;Digitalisierung&#8220;, 24. \u2013 25. April 2009, Bad Radkersburg<\/li>\n\n\n\n<li>2010: 23. \u2013 24. April 2010, Wels<\/li>\n\n\n\n<li>2011: &#8222;Kommunale Archivverb\u00e4nde, Biografie und Personenforschung&#8220;, 8. \u2013 9. April 2011, Waidhofen an der Ybbs<\/li>\n\n\n\n<li>2012: &#8222;Das Stadtarchiv Hall und die Tiroler Archivlandschaft &#8211; Archive und interdisziplin\u00e4re Forschung&#8220;, 20. \u2013 21. April 2012, Hall in Tirol<\/li>\n\n\n\n<li>2013: &#8222;Urheberrecht, Archiv-, Benutzer- und Archivordnungen, PSI-Richtlinie neu, das Stadtarchiv Steyr&#8220;, 12. \u2013 13. April 2013, Steyr<\/li>\n\n\n\n<li>2014: &#8222;Erschlie\u00dfung von Archivbest\u00e4nden, Geschichte im Web und Archivierung von Filmen und Tondokumenten&#8220;, 4. \u2013 5. April 2014, Wien<\/li>\n\n\n\n<li>2015: &#8222;Archiv und Ehrenamt&#8220;, 12. \u2013 13. April 2013, Steyr<\/li>\n\n\n\n<li>2016: &#8222;Archivische \u00dcberlieferungsbildung: Migration&#8220;, 15. \u2013 16. April 2016, Melk<\/li>\n\n\n\n<li>2017: &#8222;Die verwaltete Stadt. \u00dcberlieferungsbildung zur Bau- und Architekturgeschichte&#8220;, 31. M\u00e4rz \u2013 1. April 2017, Graz<\/li>\n\n\n\n<li>2018: &#8222;Analog \u2013 Digital \u2013 Egal? Kommt nach dem papierlosen B\u00fcro auch das papierlose Archiv?&#8220;, 13. \u2013 14. April 2018, Linz<\/li>\n\n\n\n<li>2019: &#8222;Sammlungen &#8211; Fluch und Segen&#8220;, 4. \u2013 5. April 2019, Innsbruck<\/li>\n\n\n\n<li>2022: 13. \u2013 14. April 2022, Linz<\/li>\n\n\n\n<li>2023: 20. \u2013 21. April 2023, Salzburg<\/li>\n\n\n\n<li>2024: &#8222;Verb\u00fcnde von Kommunalarchiven&#8220;, 18. \u2013 19. April 2024, Bludenz<\/li>\n\n\n\n<li>2025: &#8222;Gemeindezusammenlegungen&#8220;, 24. \u2013 25. April 2025, Bad Radkersburg <\/li>\n<\/ul>\n\n\n\n<ul class=\"wp-block-list\">\n<li><em>2026: Jahrestagung der Kommunalarchivar*innen 16. und 17. April 2026, Steyr &#8211; Save the Date!<\/em><\/li>\n<\/ul>\n\n\n\n<p>Weitere Ansprechpersonen sowie Tagungsprogramme und -unterlagen finden Sie auf der <a href=\"http:\/\/www.staedtebund.gv.at\/ausschuesse\/kommunalarchive\/organisation\/vorsitzende.html\" target=\"_blank\" rel=\"noreferrer noopener\">Seite des \u00d6sterreichischen St\u00e4dtebundes<\/a>.<\/p>\n\n\n\n<p><\/p>\n","protected":false},"excerpt":{"rendered":"<p>Innerhalb des V\u00d6A gibt es drei Fachgruppen nach Archivsparten: Fachgruppe der Archive der anerkannten Kirchen und Religionsgemeinschaften Fachgruppe der Universit\u00e4ts- und Wissenschaftsarchive Fachgruppe Wirtschaftsarchive Ziele der Fachgruppen sind die Vernetzung der oft ohne viel Unterst\u00fctzung im eigenen Haus arbeitenden Archivar*innen eines jeweiligen engeren Fachbereichs, die St\u00e4rkung der fachlichen Diskussion zur Er\u00f6rterung und L\u00f6sung gleichartiger Probleme [&hellip;]<\/p>\n","protected":false},"author":1,"featured_media":0,"parent":0,"menu_order":0,"comment_status":"closed","ping_status":"closed","template":"","meta":{"footnotes":""},"class_list":["post-1138","page","type-page","status-publish","hentry"],"publishpress_future_action":{"enabled":false,"date":"2026-04-28 12:16:16","action":"change-status","newStatus":"draft","terms":[],"taxonomy":"","extraData":[]},"publishpress_future_workflow_manual_trigger":{"enabledWorkflows":[]},"_links":{"self":[{"href":"https:\/\/www.voea.at\/index.php\/wp-json\/wp\/v2\/pages\/1138","targetHints":{"allow":["GET"]}}],"collection":[{"href":"https:\/\/www.voea.at\/index.php\/wp-json\/wp\/v2\/pages"}],"about":[{"href":"https:\/\/www.voea.at\/index.php\/wp-json\/wp\/v2\/types\/page"}],"author":[{"embeddable":true,"href":"https:\/\/www.voea.at\/index.php\/wp-json\/wp\/v2\/users\/1"}],"replies":[{"embeddable":true,"href":"https:\/\/www.voea.at\/index.php\/wp-json\/wp\/v2\/comments?post=1138"}],"version-history":[{"count":0,"href":"https:\/\/www.voea.at\/index.php\/wp-json\/wp\/v2\/pages\/1138\/revisions"}],"wp:attachment":[{"href":"https:\/\/www.voea.at\/index.php\/wp-json\/wp\/v2\/media?parent=1138"}],"curies":[{"name":"wp","href":"https:\/\/api.w.org\/{rel}","templated":true}]}}