{"id":1126,"date":"2021-08-11T15:26:56","date_gmt":"2021-08-11T15:26:56","guid":{"rendered":"http:\/\/www.voea.at\/?page_id=1126"},"modified":"2025-12-02T10:44:12","modified_gmt":"2025-12-02T10:44:12","slug":"vorstand","status":"publish","type":"page","link":"https:\/\/www.voea.at\/index.php\/vorstand\/","title":{"rendered":"Vorstand"},"content":{"rendered":"\n<p>Die Leitung des Verbands obliegt dem Vorstand, welcher von der Generalversammlung gew\u00e4hlt wird. Gem\u00e4\u00df den Statuten vertritt der Vorstand den Verband. Die derzeitige Funktionsperiode von vier Jahren l\u00e4uft von 2026 bis 2029.<\/p>\n\n\n\n<p><strong>Pr\u00e4sidentin<br><\/strong>Mag.<sup>a<\/sup> Karin Sperl, MAS<br>Burgenl\u00e4ndisches Landesarchiv<\/p>\n\n\n\n<p><strong>Vizepr\u00e4sidentin<br><\/strong>Mag.<sup>a<\/sup> Susanne Fr\u00f6hlich <br>\u00d6sterreichisches Staatsarchiv<\/p>\n\n\n\n<p><strong>Vizepr\u00e4sidentin<br><\/strong>MMag.<sup>a&nbsp;<\/sup>Dr.<sup>in<\/sup>&nbsp;Nina Knieling<br>Archiv der Universit\u00e4t Wien<\/p>\n\n\n\n<p><strong>Sekret\u00e4rin<br><\/strong>MMag.<sup>a<\/sup> Alexandra Wieser<br>Archiv der Technischen Universit\u00e4t Wien<\/p>\n\n\n\n<p><strong>Stv. Sekret\u00e4rin<br><\/strong>Mag.<sup>a <\/sup>Dr.<sup>in<\/sup> Nadja Krajicek-Seidl, BA MA<br>Tiroler Landesarchiv<\/p>\n\n\n\n<p><strong>Kassierin<br><\/strong>Jennifer Linninger<br>Archiv der \u00d6sterreichischen Akademie der Wissenschaften<\/p>\n\n\n\n<p><strong>Stv. Kassierin<br><\/strong>Mag.<sup>a <\/sup>Dr.<sup>in<\/sup> Nadja Krajicek-Seidl, BA MA<br>Tiroler Landesarchiv<\/p>\n\n\n\n<p><strong>Weitere Vorstandsmitglieder<\/strong><\/p>\n\n\n\n<p>MMag.<sup>a <\/sup>Katja Almberger, MA<br>K\u00e4rntner Landesarchiv<\/p>\n\n\n\n<p>Mag.<sup>a<\/sup> Veronika Polloczek, MA<br>Archiv der Di\u00f6zese Gurk<\/p>\n\n\n\n<p>Dr.<sup> <\/sup>Gerhard Siegl<br>Wirtschaftsarchiv Vorarlberg<\/p>\n\n\n\n<p>Mag. Paul Rachler, MA<br>Archiv der Industriellenvereinigung<\/p>\n\n\n\n<p>Mag.<sup>a<\/sup> Dr.<sup>in<\/sup> Pia Wallnig, MAS<br>\u00d6sterreichisches Staatsarchiv<\/p>\n\n\n\n<p>Mag. Lukas Winder<br>CEU-Provinzarchiv des Sacre C\u0153ur (Wien)<\/p>\n\n\n\n<p>MMag.<sup>a<\/sup> Karin Winter<br>Wiener Stadt- und Landesarchiv<\/p>\n\n\n\n<p>Ex officio (gem. Statut \u00a714 Abs. 1)<br>Priv.Doz. Mag. Dr. Helmut Wohnout<br>Generaldirektor des \u00d6sterreichischen Staatsarchivs<\/p>\n\n\n\n<p><strong>Rechnungspr\u00fcfer*innen<\/strong><\/p>\n\n\n\n<p>Mag.<sup>a<\/sup> Rita Tezzele<br>Archiv der Wirtschaftskammer \u00d6sterreich<\/p>\n\n\n\n<p>Mag.<sup>a<\/sup> Dr.<sup>in<\/sup> Susanne Fritsch-R\u00fcbsamen MAS<br>Wiener Stadt- und Landesarchiv<\/p>\n\n\n\n<p><\/p>\n","protected":false},"excerpt":{"rendered":"<p>Die Leitung des Verbands obliegt dem Vorstand, welcher von der Generalversammlung gew\u00e4hlt wird. Gem\u00e4\u00df den Statuten vertritt der Vorstand den Verband. Die derzeitige Funktionsperiode von vier Jahren l\u00e4uft von 2026 bis 2029. Pr\u00e4sidentinMag.a Karin Sperl, MASBurgenl\u00e4ndisches Landesarchiv Vizepr\u00e4sidentinMag.a Susanne Fr\u00f6hlich \u00d6sterreichisches Staatsarchiv Vizepr\u00e4sidentinMMag.a&nbsp;Dr.in&nbsp;Nina KnielingArchiv der Universit\u00e4t Wien Sekret\u00e4rinMMag.a Alexandra WieserArchiv der Technischen Universit\u00e4t Wien Stv. [&hellip;]<\/p>\n","protected":false},"author":1,"featured_media":0,"parent":0,"menu_order":0,"comment_status":"closed","ping_status":"closed","template":"","meta":{"footnotes":""},"class_list":["post-1126","page","type-page","status-publish","hentry"],"publishpress_future_action":{"enabled":false,"date":"2026-04-22 22:48:01","action":"change-status","newStatus":"draft","terms":[],"taxonomy":"","extraData":[]},"publishpress_future_workflow_manual_trigger":{"enabledWorkflows":[]},"_links":{"self":[{"href":"https:\/\/www.voea.at\/index.php\/wp-json\/wp\/v2\/pages\/1126","targetHints":{"allow":["GET"]}}],"collection":[{"href":"https:\/\/www.voea.at\/index.php\/wp-json\/wp\/v2\/pages"}],"about":[{"href":"https:\/\/www.voea.at\/index.php\/wp-json\/wp\/v2\/types\/page"}],"author":[{"embeddable":true,"href":"https:\/\/www.voea.at\/index.php\/wp-json\/wp\/v2\/users\/1"}],"replies":[{"embeddable":true,"href":"https:\/\/www.voea.at\/index.php\/wp-json\/wp\/v2\/comments?post=1126"}],"version-history":[{"count":0,"href":"https:\/\/www.voea.at\/index.php\/wp-json\/wp\/v2\/pages\/1126\/revisions"}],"wp:attachment":[{"href":"https:\/\/www.voea.at\/index.php\/wp-json\/wp\/v2\/media?parent=1126"}],"curies":[{"name":"wp","href":"https:\/\/api.w.org\/{rel}","templated":true}]}}